{"id":3681,"date":"2021-07-01T09:40:34","date_gmt":"2021-07-01T07:40:34","guid":{"rendered":"https:\/\/www.groennegade.dk\/?page_id=3681"},"modified":"2026-04-27T16:43:26","modified_gmt":"2026-04-27T14:43:26","slug":"nytaarsaften","status":"publish","type":"page","link":"https:\/\/www.groennegade.dk\/en\/nytaarsaften\/","title":{"rendered":"New Years eve"},"content":{"rendered":"<div data-elementor-type=\"wp-page\" data-elementor-id=\"3681\" class=\"elementor elementor-3681\" data-elementor-settings=\"{&quot;ha_cmc_init_switcher&quot;:&quot;no&quot;}\" data-elementor-post-type=\"page\">\n\t\t\t\t\t\t<section class=\"elementor-section elementor-top-section elementor-element elementor-element-51d6b0be elementor-section-height-min-height elementor-section-boxed elementor-section-height-default elementor-section-items-middle\" data-id=\"51d6b0be\" data-element_type=\"section\" data-e-type=\"section\" data-settings=\"{&quot;background_background&quot;:&quot;classic&quot;,&quot;_ha_eqh_enable&quot;:false}\">\n\t\t\t\t\t\t\t<div class=\"elementor-background-overlay\"><\/div>\n\t\t\t\t\t\t\t<div class=\"elementor-container elementor-column-gap-no\">\n\t\t\t\t\t<div class=\"elementor-column elementor-col-100 elementor-top-column elementor-element elementor-element-71a72d0c\" data-id=\"71a72d0c\" data-element_type=\"column\" data-e-type=\"column\">\n\t\t\t<div class=\"elementor-widget-wrap elementor-element-populated\">\n\t\t\t\t\t\t<div class=\"elementor-element elementor-element-68b048c elementor-invisible elementor-widget elementor-widget-heading\" data-id=\"68b048c\" data-element_type=\"widget\" data-e-type=\"widget\" data-settings=\"{&quot;_animation&quot;:&quot;fadeInUp&quot;}\" data-widget_type=\"heading.default\">\n\t\t\t\t<div class=\"elementor-widget-container\">\n\t\t\t\t\t<h1 class=\"elementor-heading-title elementor-size-default\">New Years Eve 2026<br>At Restaurant Gr\u00f8nnegade.<\/h1>\t\t\t\t<\/div>\n\t\t\t\t<\/div>\n\t\t\t\t\t<\/div>\n\t\t<\/div>\n\t\t\t\t\t<\/div>\n\t\t<\/section>\n\t\t\t\t<section class=\"elementor-section elementor-top-section elementor-element elementor-element-2dd0587a elementor-section-boxed elementor-section-height-default elementor-section-height-default\" data-id=\"2dd0587a\" data-element_type=\"section\" data-e-type=\"section\" data-settings=\"{&quot;background_background&quot;:&quot;classic&quot;,&quot;_ha_eqh_enable&quot;:false}\">\n\t\t\t\t\t\t<div class=\"elementor-container elementor-column-gap-no\">\n\t\t\t\t\t<div class=\"elementor-column elementor-col-33 elementor-top-column elementor-element elementor-element-426a695\" data-id=\"426a695\" data-element_type=\"column\" data-e-type=\"column\">\n\t\t\t<div class=\"elementor-widget-wrap elementor-element-populated\">\n\t\t\t\t\t\t<div class=\"elementor-element elementor-element-163937ae elementor-widget elementor-widget-image\" data-id=\"163937ae\" data-element_type=\"widget\" data-e-type=\"widget\" data-widget_type=\"image.default\">\n\t\t\t\t<div class=\"elementor-widget-container\">\n\t\t\t\t\t\t\t\t\t\t\t\t\t\t\t<img decoding=\"async\" src=\"https:\/\/www.groennegade.dk\/wp-content\/uploads\/2024\/04\/Rhubarb-2024-scaled.jpg\" title=\"\" alt=\"\" loading=\"lazy\" \/>\t\t\t\t\t\t\t\t\t\t\t\t\t\t\t<\/div>\n\t\t\t\t<\/div>\n\t\t\t\t\t<\/div>\n\t\t<\/div>\n\t\t\t\t<div class=\"elementor-column elementor-col-33 elementor-top-column elementor-element elementor-element-44f7bdb0 elementor-hidden-tablet\" data-id=\"44f7bdb0\" data-element_type=\"column\" data-e-type=\"column\">\n\t\t\t<div class=\"elementor-widget-wrap\">\n\t\t\t\t\t\t\t<\/div>\n\t\t<\/div>\n\t\t\t\t<div class=\"elementor-column elementor-col-33 elementor-top-column elementor-element elementor-element-8cc9f70\" data-id=\"8cc9f70\" data-element_type=\"column\" data-e-type=\"column\">\n\t\t\t<div class=\"elementor-widget-wrap elementor-element-populated\">\n\t\t\t\t\t\t<div class=\"elementor-element elementor-element-843ddb8 elementor-invisible elementor-widget elementor-widget-heading\" data-id=\"843ddb8\" data-element_type=\"widget\" data-e-type=\"widget\" data-settings=\"{&quot;_animation&quot;:&quot;fadeIn&quot;,&quot;_animation_delay&quot;:200}\" data-widget_type=\"heading.default\">\n\t\t\t\t<div class=\"elementor-widget-container\">\n\t\t\t\t\t<h3 class=\"elementor-heading-title elementor-size-default\">Events<\/h3>\t\t\t\t<\/div>\n\t\t\t\t<\/div>\n\t\t\t\t<div class=\"elementor-element elementor-element-41dd52d1 elementor-invisible elementor-widget elementor-widget-heading\" data-id=\"41dd52d1\" data-element_type=\"widget\" data-e-type=\"widget\" data-settings=\"{&quot;_animation&quot;:&quot;fadeIn&quot;,&quot;_animation_delay&quot;:200}\" data-widget_type=\"heading.default\">\n\t\t\t\t<div class=\"elementor-widget-container\">\n\t\t\t\t\t<h2 class=\"elementor-heading-title elementor-size-default\">New Years Eve at Restaurant Gr\u00f8nnegade<\/h2>\t\t\t\t<\/div>\n\t\t\t\t<\/div>\n\t\t\t\t<div class=\"elementor-element elementor-element-329ba866 elementor-invisible elementor-widget elementor-widget-text-editor\" data-id=\"329ba866\" data-element_type=\"widget\" data-e-type=\"widget\" data-settings=\"{&quot;_animation&quot;:&quot;fadeInUp&quot;,&quot;_animation_delay&quot;:400}\" data-widget_type=\"text-editor.default\">\n\t\t\t\t<div class=\"elementor-widget-container\">\n\t\t\t\t\t\t\t\t\t<p>Celebrate the final evening of the year at Restaurant Gr\u00f8nnegade in the heart of Copenhagen.<\/p><p>We invite you to a special New Year\u2019s Eve menu, focusing on the finest seasonal ingredients, refined flavours, and a complete experience from the first course to midnight.<\/p><p>The evening features an elegant menu with the option of a carefully curated wine pairing, all set in intimate and atmospheric surroundings.<\/p><p>Create a memorable end to the year and begin the new one in style.<\/p><p>Reserve your table for New Year\u2019s Eve in good time.<\/p>\t\t\t\t\t\t\t\t<\/div>\n\t\t\t\t<\/div>\n\t\t\t\t\t<\/div>\n\t\t<\/div>\n\t\t\t\t\t<\/div>\n\t\t<\/section>\n\t\t\t\t<section class=\"elementor-section elementor-top-section elementor-element elementor-element-79eb58e4 elementor-section-boxed elementor-section-height-default elementor-section-height-default\" data-id=\"79eb58e4\" data-element_type=\"section\" data-e-type=\"section\" data-settings=\"{&quot;background_background&quot;:&quot;classic&quot;,&quot;_ha_eqh_enable&quot;:false}\">\n\t\t\t\t\t\t<div class=\"elementor-container elementor-column-gap-no\">\n\t\t\t\t\t<div class=\"elementor-column elementor-col-100 elementor-top-column elementor-element elementor-element-2b03e83a\" data-id=\"2b03e83a\" data-element_type=\"column\" data-e-type=\"column\">\n\t\t\t<div class=\"elementor-widget-wrap elementor-element-populated\">\n\t\t\t\t\t\t<div class=\"elementor-element elementor-element-365a1bf9 elementor-invisible elementor-widget elementor-widget-heading\" data-id=\"365a1bf9\" data-element_type=\"widget\" data-e-type=\"widget\" data-settings=\"{&quot;_animation&quot;:&quot;fadeIn&quot;}\" data-widget_type=\"heading.default\">\n\t\t\t\t<div class=\"elementor-widget-container\">\n\t\t\t\t\t<h2 class=\"elementor-heading-title elementor-size-default\">Our New Year&#039;s menu<\/h2>\t\t\t\t<\/div>\n\t\t\t\t<\/div>\n\t\t\t\t\t<\/div>\n\t\t<\/div>\n\t\t\t\t\t<\/div>\n\t\t<\/section>\n\t\t\t\t<section class=\"elementor-section elementor-top-section elementor-element elementor-element-4cba0fec elementor-section-boxed elementor-section-height-default elementor-section-height-default\" data-id=\"4cba0fec\" data-element_type=\"section\" data-e-type=\"section\" data-settings=\"{&quot;background_background&quot;:&quot;classic&quot;,&quot;_ha_eqh_enable&quot;:false}\">\n\t\t\t\t\t\t<div class=\"elementor-container elementor-column-gap-no\">\n\t\t\t\t\t<div class=\"elementor-column elementor-col-100 elementor-top-column elementor-element elementor-element-11027261 elementor-invisible\" data-id=\"11027261\" data-element_type=\"column\" data-e-type=\"column\" data-settings=\"{&quot;animation&quot;:&quot;fadeInUp&quot;}\">\n\t\t\t<div class=\"elementor-widget-wrap elementor-element-populated\">\n\t\t\t\t\t\t<section class=\"elementor-section elementor-inner-section elementor-element elementor-element-3cd2032b elementor-section-boxed elementor-section-height-default elementor-section-height-default\" data-id=\"3cd2032b\" data-element_type=\"section\" data-e-type=\"section\" data-settings=\"{&quot;_ha_eqh_enable&quot;:false}\">\n\t\t\t\t\t\t<div class=\"elementor-container elementor-column-gap-no\">\n\t\t\t\t\t<div class=\"elementor-column elementor-col-100 elementor-inner-column elementor-element elementor-element-37b85c77\" data-id=\"37b85c77\" data-element_type=\"column\" data-e-type=\"column\">\n\t\t\t<div class=\"elementor-widget-wrap elementor-element-populated\">\n\t\t\t\t\t\t<div class=\"elementor-element elementor-element-431365c1 ha-has-bg-overlay elementor-widget elementor-widget-heading\" data-id=\"431365c1\" data-element_type=\"widget\" data-e-type=\"widget\" data-widget_type=\"heading.default\">\n\t\t\t\t<div class=\"elementor-widget-container\">\n\t\t\t\t\t<h5 class=\"elementor-heading-title elementor-size-default\">Restaurant Gr\u00f8nnegade\u00b4s New Years Eve menu 2025 <\/h5>\t\t\t\t<\/div>\n\t\t\t\t<\/div>\n\t\t\t\t<div class=\"elementor-element elementor-element-35e50a42 elementor-absolute elementor-hidden-tablet elementor-hidden-phone elementor-widget-divider--view-line elementor-widget elementor-widget-divider\" data-id=\"35e50a42\" data-element_type=\"widget\" data-e-type=\"widget\" data-settings=\"{&quot;_position&quot;:&quot;absolute&quot;}\" data-widget_type=\"divider.default\">\n\t\t\t\t<div class=\"elementor-widget-container\">\n\t\t\t\t\t\t\t<div class=\"elementor-divider\">\n\t\t\t<span class=\"elementor-divider-separator\">\n\t\t\t\t\t\t<\/span>\n\t\t<\/div>\n\t\t\t\t\t\t<\/div>\n\t\t\t\t<\/div>\n\t\t\t\t<div class=\"elementor-element elementor-element-35ced870 elementor-widget elementor-widget-text-editor\" data-id=\"35ced870\" data-element_type=\"widget\" data-e-type=\"widget\" data-widget_type=\"text-editor.default\">\n\t\t\t\t<div class=\"elementor-widget-container\">\n\t\t\t\t\t\t\t\t\t<p>Champagne Brice Heritage Ros\u00e9<\/p>\n<p>Oysters \u2013 Champagne\/Yuzu granit\u00e9<\/p>\n<p>Grilled Scallop \u2013 Caviar Oscietra Royal \u2013 Glass Bowl&nbsp;<\/p>\n<p>2023 Riesling Heiligstein Erste Lage, Schloss Gobelsburg<\/p>\n<p>Turbot en Crout\u00e9 \u2013 Wild mushrooms \u2013 Parsley \u2013 Lobster<\/p>\n<p>2022 Chablis F\u00e9vre-F\u00e9vre 1 Cru Vaulorent<\/p>\n<p>Danish Lobster \u2013 Stuffed Morels \u2013 Lobster Foam \u2013 Hokaido<\/p>\n<p>2022 Chateau Crezancy Sur Les Marnes, Sancerre&nbsp;<\/p>\n<p>Well-seasoned beef tenderloin \u2013 Truffle sauce \u2013 Crustade with veal brisket \u2013 Sauce glace<\/p>\n<p>2011 Chateau Haut-Sharpe Grand Cru Class\u00e9 Saint Emilion<\/p>\n<p>Creme Brulee with Lakrids<\/p>\n<p>&nbsp; Chocolate \u2013 Crispy \u2013 Pistachio \u2013 Cardamom<\/p>\n<p><span style=\"background-color: var( --e-global-color-text ); color: var( --e-global-color-ab58cf2 ); font-family: var( --e-global-typography-d0a9192-font-family ), Sans-serif; font-size: var( --e-global-typography-d0a9192-font-size ); font-weight: var( --e-global-typography-d0a9192-font-weight ); letter-spacing: var( --e-global-typography-d0a9192-letter-spacing ); word-spacing: var( --e-global-typography-d0a9192-word-spacing );\">2011 Carmes De Riessec, Sauternes<\/span><\/p>\n<p>Coffee with sweets<\/p>\n<p>Sparkling water<\/p>\n<p>Price per person for menu 1800 kr.&nbsp;<\/p>\n<p>Can be purchased as an additional wine menu 1200 kr. or choose from the wine list.<\/p>\t\t\t\t\t\t\t\t<\/div>\n\t\t\t\t<\/div>\n\t\t\t\t\t<\/div>\n\t\t<\/div>\n\t\t\t\t\t<\/div>\n\t\t<\/section>\n\t\t\t\t\t<\/div>\n\t\t<\/div>\n\t\t\t\t\t<\/div>\n\t\t<\/section>\n\t\t\t\t<section class=\"elementor-section elementor-top-section elementor-element elementor-element-4f007e58 elementor-section-height-min-height elementor-section-boxed elementor-section-height-default elementor-section-items-middle\" data-id=\"4f007e58\" data-element_type=\"section\" data-e-type=\"section\" data-settings=\"{&quot;background_background&quot;:&quot;classic&quot;,&quot;_ha_eqh_enable&quot;:false}\">\n\t\t\t\t\t\t\t<div class=\"elementor-background-overlay\"><\/div>\n\t\t\t\t\t\t\t<div class=\"elementor-container elementor-column-gap-default\">\n\t\t\t\t\t<div class=\"elementor-column elementor-col-100 elementor-top-column elementor-element elementor-element-22c42d06\" data-id=\"22c42d06\" data-element_type=\"column\" data-e-type=\"column\">\n\t\t\t<div class=\"elementor-widget-wrap elementor-element-populated\">\n\t\t\t\t\t\t<div class=\"elementor-element elementor-element-cfaac4f elementor-invisible elementor-widget elementor-widget-heading\" data-id=\"cfaac4f\" data-element_type=\"widget\" data-e-type=\"widget\" data-settings=\"{&quot;_animation&quot;:&quot;fadeInUp&quot;}\" data-widget_type=\"heading.default\">\n\t\t\t\t<div class=\"elementor-widget-container\">\n\t\t\t\t\t<h2 class=\"elementor-heading-title elementor-size-default\">at the restaurant Gr\u00f8nnegade<br>Since 1973\n<\/h2>\t\t\t\t<\/div>\n\t\t\t\t<\/div>\n\t\t\t\t<div class=\"elementor-element elementor-element-5a10d865 elementor-invisible elementor-widget elementor-widget-text-editor\" data-id=\"5a10d865\" data-element_type=\"widget\" data-e-type=\"widget\" data-settings=\"{&quot;_animation&quot;:&quot;fadeInUp&quot;,&quot;_animation_delay&quot;:200}\" data-widget_type=\"text-editor.default\">\n\t\t\t\t<div class=\"elementor-widget-container\">\n\t\t\t\t\t\t\t\t\t<p>We look forward to seeing you for a fantastic evening - please book well in advance.<\/p>\t\t\t\t\t\t\t\t<\/div>\n\t\t\t\t<\/div>\n\t\t\t\t<div class=\"elementor-element elementor-element-6b225692 elementor-align-center elementor-mobile-align-center elementor-invisible elementor-widget elementor-widget-button\" data-id=\"6b225692\" data-element_type=\"widget\" data-e-type=\"widget\" data-settings=\"{&quot;_animation&quot;:&quot;fadeInUp&quot;,&quot;_animation_delay&quot;:400}\" data-widget_type=\"button.default\">\n\t\t\t\t<div class=\"elementor-widget-container\">\n\t\t\t\t\t\t\t\t\t<div class=\"elementor-button-wrapper\">\n\t\t\t\t\t<a class=\"elementor-button elementor-button-link elementor-size-sm elementor-animation-grow\" href=\"https:\/\/book.easytable.com\/book\/?id=a43b6&#038;lang=auto\" target=\"_blank\">\n\t\t\t\t\t\t<span class=\"elementor-button-content-wrapper\">\n\t\t\t\t\t\t\t\t\t<span class=\"elementor-button-text\">Reserve a table<\/span>\n\t\t\t\t\t<\/span>\n\t\t\t\t\t<\/a>\n\t\t\t\t<\/div>\n\t\t\t\t\t\t\t\t<\/div>\n\t\t\t\t<\/div>\n\t\t\t\t\t<\/div>\n\t\t<\/div>\n\t\t\t\t\t<\/div>\n\t\t<\/section>\n\t\t\t\t<\/div>","protected":false},"excerpt":{"rendered":"<p>Nyt\u00e5rsaften 2026P\u00e5 Restaurant Gr\u00f8nnegade. Arrangement Nyt\u00e5rsaften p\u00e5 Restaurant Gr\u00f8nnegade 2026 Fejr \u00e5rets sidste aften hos Restaurant Gr\u00f8nnegade i hjertet af K\u00f8benhavn. Vi inviterer til en s\u00e6rlig nyt\u00e5rsmenu med fokus p\u00e5 s\u00e6sonens bedste r\u00e5varer, raffinerede smage og en gennemf\u00f8rt oplevelse fra f\u00f8rste servering til midnat. Aftenen byder p\u00e5 en elegant menu med mulighed for n\u00f8je afstemt [&hellip;]<\/p>\n","protected":false},"author":1,"featured_media":0,"parent":0,"menu_order":0,"comment_status":"closed","ping_status":"closed","template":"elementor_canvas","meta":{"inline_featured_image":false,"footnotes":""},"class_list":["post-3681","page","type-page","status-publish","hentry"],"yoast_head":"<!-- This site is optimized with the Yoast SEO plugin v27.5 - https:\/\/yoast.com\/product\/yoast-seo-wordpress\/ -->\n<title>Nyt\u00e5rsaften - Restaurant Gr\u00f8nnegade<\/title>\n<meta name=\"robots\" content=\"index, follow, max-snippet:-1, max-image-preview:large, max-video-preview:-1\" \/>\n<link rel=\"canonical\" href=\"https:\/\/www.groennegade.dk\/en\/nytaarsaften\/\" \/>\n<meta property=\"og:locale\" content=\"en_GB\" \/>\n<meta property=\"og:type\" content=\"article\" \/>\n<meta property=\"og:title\" content=\"Nyt\u00e5rsaften - Restaurant Gr\u00f8nnegade\" \/>\n<meta property=\"og:description\" content=\"Nyt\u00e5rsaften 2026P\u00e5 Restaurant Gr\u00f8nnegade. Arrangement Nyt\u00e5rsaften p\u00e5 Restaurant Gr\u00f8nnegade 2026 Fejr \u00e5rets sidste aften hos Restaurant Gr\u00f8nnegade i hjertet af K\u00f8benhavn. Vi inviterer til en s\u00e6rlig nyt\u00e5rsmenu med fokus p\u00e5 s\u00e6sonens bedste r\u00e5varer, raffinerede smage og en gennemf\u00f8rt oplevelse fra f\u00f8rste servering til midnat. Aftenen byder p\u00e5 en elegant menu med mulighed for n\u00f8je afstemt [&hellip;]\" \/>\n<meta property=\"og:url\" content=\"https:\/\/www.groennegade.dk\/en\/nytaarsaften\/\" \/>\n<meta property=\"og:site_name\" content=\"Restaurant Gr\u00f8nnegade\" \/>\n<meta property=\"article:modified_time\" content=\"2026-04-27T14:43:26+00:00\" \/>\n<meta property=\"og:image\" content=\"https:\/\/www.groennegade.dk\/wp-content\/uploads\/elementor\/thumbs\/Rhubarb-2024-scaled-qmhvp5dc6zjwebhfn5yb081506ad87zaj2t8zirqsw.jpg\" \/>\n<meta name=\"twitter:card\" content=\"summary_large_image\" \/>\n<meta name=\"twitter:label1\" content=\"Estimated reading time\" \/>\n\t<meta name=\"twitter:data1\" content=\"2 minutes\" \/>\n<script type=\"application\/ld+json\" class=\"yoast-schema-graph\">{\"@context\":\"https:\\\/\\\/schema.org\",\"@graph\":[{\"@type\":\"WebPage\",\"@id\":\"https:\\\/\\\/www.groennegade.dk\\\/nytaarsaften\\\/\",\"url\":\"https:\\\/\\\/www.groennegade.dk\\\/nytaarsaften\\\/\",\"name\":\"Nyt\u00e5rsaften - Restaurant Gr\u00f8nnegade\",\"isPartOf\":{\"@id\":\"https:\\\/\\\/www.groennegade.dk\\\/#website\"},\"primaryImageOfPage\":{\"@id\":\"https:\\\/\\\/www.groennegade.dk\\\/nytaarsaften\\\/#primaryimage\"},\"image\":{\"@id\":\"https:\\\/\\\/www.groennegade.dk\\\/nytaarsaften\\\/#primaryimage\"},\"thumbnailUrl\":\"https:\\\/\\\/www.groennegade.dk\\\/wp-content\\\/uploads\\\/elementor\\\/thumbs\\\/Rhubarb-2024-scaled-qmhvp5dc6zjwebhfn5yb081506ad87zaj2t8zirqsw.jpg\",\"datePublished\":\"2021-07-01T07:40:34+00:00\",\"dateModified\":\"2026-04-27T14:43:26+00:00\",\"breadcrumb\":{\"@id\":\"https:\\\/\\\/www.groennegade.dk\\\/nytaarsaften\\\/#breadcrumb\"},\"inLanguage\":\"en-GB\",\"potentialAction\":[{\"@type\":\"ReadAction\",\"target\":[\"https:\\\/\\\/www.groennegade.dk\\\/nytaarsaften\\\/\"]}]},{\"@type\":\"ImageObject\",\"inLanguage\":\"en-GB\",\"@id\":\"https:\\\/\\\/www.groennegade.dk\\\/nytaarsaften\\\/#primaryimage\",\"url\":\"https:\\\/\\\/www.groennegade.dk\\\/wp-content\\\/uploads\\\/elementor\\\/thumbs\\\/Rhubarb-2024-scaled-qmhvp5dc6zjwebhfn5yb081506ad87zaj2t8zirqsw.jpg\",\"contentUrl\":\"https:\\\/\\\/www.groennegade.dk\\\/wp-content\\\/uploads\\\/elementor\\\/thumbs\\\/Rhubarb-2024-scaled-qmhvp5dc6zjwebhfn5yb081506ad87zaj2t8zirqsw.jpg\"},{\"@type\":\"BreadcrumbList\",\"@id\":\"https:\\\/\\\/www.groennegade.dk\\\/nytaarsaften\\\/#breadcrumb\",\"itemListElement\":[{\"@type\":\"ListItem\",\"position\":1,\"name\":\"Hjem\",\"item\":\"https:\\\/\\\/www.groennegade.dk\\\/\"},{\"@type\":\"ListItem\",\"position\":2,\"name\":\"Nyt\u00e5rsaften\"}]},{\"@type\":\"WebSite\",\"@id\":\"https:\\\/\\\/www.groennegade.dk\\\/#website\",\"url\":\"https:\\\/\\\/www.groennegade.dk\\\/\",\"name\":\"Restaurant Gr\u00f8nnegade\",\"description\":\"Velkommen til Restaurant Gr\u00f8nnegade\",\"publisher\":{\"@id\":\"https:\\\/\\\/www.groennegade.dk\\\/#organization\"},\"potentialAction\":[{\"@type\":\"SearchAction\",\"target\":{\"@type\":\"EntryPoint\",\"urlTemplate\":\"https:\\\/\\\/www.groennegade.dk\\\/?s={search_term_string}\"},\"query-input\":{\"@type\":\"PropertyValueSpecification\",\"valueRequired\":true,\"valueName\":\"search_term_string\"}}],\"inLanguage\":\"en-GB\"},{\"@type\":\"Organization\",\"@id\":\"https:\\\/\\\/www.groennegade.dk\\\/#organization\",\"name\":\"Restaurant Gr\u00f8nnegade\",\"url\":\"https:\\\/\\\/www.groennegade.dk\\\/\",\"logo\":{\"@type\":\"ImageObject\",\"inLanguage\":\"en-GB\",\"@id\":\"https:\\\/\\\/www.groennegade.dk\\\/#\\\/schema\\\/logo\\\/image\\\/\",\"url\":\"https:\\\/\\\/groennegade.dk\\\/wp-content\\\/uploads\\\/2021\\\/06\\\/logo_restaurant_groennegade.png\",\"contentUrl\":\"https:\\\/\\\/groennegade.dk\\\/wp-content\\\/uploads\\\/2021\\\/06\\\/logo_restaurant_groennegade.png\",\"width\":283,\"height\":48,\"caption\":\"Restaurant Gr\u00f8nnegade\"},\"image\":{\"@id\":\"https:\\\/\\\/www.groennegade.dk\\\/#\\\/schema\\\/logo\\\/image\\\/\"}}]}<\/script>\n<!-- \/ Yoast SEO plugin. -->","yoast_head_json":{"title":"Nyt\u00e5rsaften - Restaurant Gr\u00f8nnegade","robots":{"index":"index","follow":"follow","max-snippet":"max-snippet:-1","max-image-preview":"max-image-preview:large","max-video-preview":"max-video-preview:-1"},"canonical":"https:\/\/www.groennegade.dk\/en\/nytaarsaften\/","og_locale":"en_GB","og_type":"article","og_title":"Nyt\u00e5rsaften - Restaurant Gr\u00f8nnegade","og_description":"Nyt\u00e5rsaften 2026P\u00e5 Restaurant Gr\u00f8nnegade. Arrangement Nyt\u00e5rsaften p\u00e5 Restaurant Gr\u00f8nnegade 2026 Fejr \u00e5rets sidste aften hos Restaurant Gr\u00f8nnegade i hjertet af K\u00f8benhavn. Vi inviterer til en s\u00e6rlig nyt\u00e5rsmenu med fokus p\u00e5 s\u00e6sonens bedste r\u00e5varer, raffinerede smage og en gennemf\u00f8rt oplevelse fra f\u00f8rste servering til midnat. Aftenen byder p\u00e5 en elegant menu med mulighed for n\u00f8je afstemt [&hellip;]","og_url":"https:\/\/www.groennegade.dk\/en\/nytaarsaften\/","og_site_name":"Restaurant Gr\u00f8nnegade","article_modified_time":"2026-04-27T14:43:26+00:00","og_image":[{"url":"https:\/\/www.groennegade.dk\/wp-content\/uploads\/elementor\/thumbs\/Rhubarb-2024-scaled-qmhvp5dc6zjwebhfn5yb081506ad87zaj2t8zirqsw.jpg","type":"","width":"","height":""}],"twitter_card":"summary_large_image","twitter_misc":{"Estimated reading time":"2 minutes"},"schema":{"@context":"https:\/\/schema.org","@graph":[{"@type":"WebPage","@id":"https:\/\/www.groennegade.dk\/nytaarsaften\/","url":"https:\/\/www.groennegade.dk\/nytaarsaften\/","name":"Nyt\u00e5rsaften - Restaurant Gr\u00f8nnegade","isPartOf":{"@id":"https:\/\/www.groennegade.dk\/#website"},"primaryImageOfPage":{"@id":"https:\/\/www.groennegade.dk\/nytaarsaften\/#primaryimage"},"image":{"@id":"https:\/\/www.groennegade.dk\/nytaarsaften\/#primaryimage"},"thumbnailUrl":"https:\/\/www.groennegade.dk\/wp-content\/uploads\/elementor\/thumbs\/Rhubarb-2024-scaled-qmhvp5dc6zjwebhfn5yb081506ad87zaj2t8zirqsw.jpg","datePublished":"2021-07-01T07:40:34+00:00","dateModified":"2026-04-27T14:43:26+00:00","breadcrumb":{"@id":"https:\/\/www.groennegade.dk\/nytaarsaften\/#breadcrumb"},"inLanguage":"en-GB","potentialAction":[{"@type":"ReadAction","target":["https:\/\/www.groennegade.dk\/nytaarsaften\/"]}]},{"@type":"ImageObject","inLanguage":"en-GB","@id":"https:\/\/www.groennegade.dk\/nytaarsaften\/#primaryimage","url":"https:\/\/www.groennegade.dk\/wp-content\/uploads\/elementor\/thumbs\/Rhubarb-2024-scaled-qmhvp5dc6zjwebhfn5yb081506ad87zaj2t8zirqsw.jpg","contentUrl":"https:\/\/www.groennegade.dk\/wp-content\/uploads\/elementor\/thumbs\/Rhubarb-2024-scaled-qmhvp5dc6zjwebhfn5yb081506ad87zaj2t8zirqsw.jpg"},{"@type":"BreadcrumbList","@id":"https:\/\/www.groennegade.dk\/nytaarsaften\/#breadcrumb","itemListElement":[{"@type":"ListItem","position":1,"name":"Hjem","item":"https:\/\/www.groennegade.dk\/"},{"@type":"ListItem","position":2,"name":"Nyt\u00e5rsaften"}]},{"@type":"WebSite","@id":"https:\/\/www.groennegade.dk\/#website","url":"https:\/\/www.groennegade.dk\/","name":"Restaurant Gr\u00f8nnegade","description":"Welcome to Restaurant Gr\u00f8nnegade","publisher":{"@id":"https:\/\/www.groennegade.dk\/#organization"},"potentialAction":[{"@type":"SearchAction","target":{"@type":"EntryPoint","urlTemplate":"https:\/\/www.groennegade.dk\/?s={search_term_string}"},"query-input":{"@type":"PropertyValueSpecification","valueRequired":true,"valueName":"search_term_string"}}],"inLanguage":"en-GB"},{"@type":"Organization","@id":"https:\/\/www.groennegade.dk\/#organization","name":"Restaurant Gr\u00f8nnegade","url":"https:\/\/www.groennegade.dk\/","logo":{"@type":"ImageObject","inLanguage":"en-GB","@id":"https:\/\/www.groennegade.dk\/#\/schema\/logo\/image\/","url":"https:\/\/groennegade.dk\/wp-content\/uploads\/2021\/06\/logo_restaurant_groennegade.png","contentUrl":"https:\/\/groennegade.dk\/wp-content\/uploads\/2021\/06\/logo_restaurant_groennegade.png","width":283,"height":48,"caption":"Restaurant Gr\u00f8nnegade"},"image":{"@id":"https:\/\/www.groennegade.dk\/#\/schema\/logo\/image\/"}}]}},"_links":{"self":[{"href":"https:\/\/www.groennegade.dk\/en\/wp-json\/wp\/v2\/pages\/3681","targetHints":{"allow":["GET"]}}],"collection":[{"href":"https:\/\/www.groennegade.dk\/en\/wp-json\/wp\/v2\/pages"}],"about":[{"href":"https:\/\/www.groennegade.dk\/en\/wp-json\/wp\/v2\/types\/page"}],"author":[{"embeddable":true,"href":"https:\/\/www.groennegade.dk\/en\/wp-json\/wp\/v2\/users\/1"}],"replies":[{"embeddable":true,"href":"https:\/\/www.groennegade.dk\/en\/wp-json\/wp\/v2\/comments?post=3681"}],"version-history":[{"count":195,"href":"https:\/\/www.groennegade.dk\/en\/wp-json\/wp\/v2\/pages\/3681\/revisions"}],"predecessor-version":[{"id":7433,"href":"https:\/\/www.groennegade.dk\/en\/wp-json\/wp\/v2\/pages\/3681\/revisions\/7433"}],"wp:attachment":[{"href":"https:\/\/www.groennegade.dk\/en\/wp-json\/wp\/v2\/media?parent=3681"}],"curies":[{"name":"wp","href":"https:\/\/api.w.org\/{rel}","templated":true}]}}