{"id":3674,"date":"2021-07-01T09:37:25","date_gmt":"2021-07-01T07:37:25","guid":{"rendered":"https:\/\/www.groennegade.dk\/?page_id=3674"},"modified":"2026-04-27T13:46:39","modified_gmt":"2026-04-27T11:46:39","slug":"julemenu","status":"publish","type":"page","link":"https:\/\/www.groennegade.dk\/en\/julemenu\/","title":{"rendered":"Christmas menu"},"content":{"rendered":"<div data-elementor-type=\"wp-page\" data-elementor-id=\"3674\" class=\"elementor elementor-3674\" data-elementor-settings=\"{&quot;ha_cmc_init_switcher&quot;:&quot;no&quot;}\" data-elementor-post-type=\"page\">\n\t\t\t\t\t\t<section class=\"elementor-section elementor-top-section elementor-element elementor-element-4c690d11 elementor-section-height-min-height elementor-section-boxed elementor-section-height-default elementor-section-items-middle\" data-id=\"4c690d11\" data-element_type=\"section\" data-e-type=\"section\" data-settings=\"{&quot;background_background&quot;:&quot;classic&quot;,&quot;_ha_eqh_enable&quot;:false}\">\n\t\t\t\t\t\t\t<div class=\"elementor-background-overlay\"><\/div>\n\t\t\t\t\t\t\t<div class=\"elementor-container elementor-column-gap-no\">\n\t\t\t\t\t<div class=\"elementor-column elementor-col-100 elementor-top-column elementor-element elementor-element-6a1ab755\" data-id=\"6a1ab755\" data-element_type=\"column\" data-e-type=\"column\">\n\t\t\t<div class=\"elementor-widget-wrap elementor-element-populated\">\n\t\t\t\t\t\t<div class=\"elementor-element elementor-element-1eb6f090 elementor-invisible elementor-widget elementor-widget-heading\" data-id=\"1eb6f090\" data-element_type=\"widget\" data-e-type=\"widget\" data-settings=\"{&quot;_animation&quot;:&quot;fadeInUp&quot;}\" data-widget_type=\"heading.default\">\n\t\t\t\t<div class=\"elementor-widget-container\">\n\t\t\t\t\t<h1 class=\"elementor-heading-title elementor-size-default\">Christmas menu<\/h1>\t\t\t\t<\/div>\n\t\t\t\t<\/div>\n\t\t\t\t\t<\/div>\n\t\t<\/div>\n\t\t\t\t\t<\/div>\n\t\t<\/section>\n\t\t\t\t<section class=\"elementor-section elementor-top-section elementor-element elementor-element-5a685ed1 elementor-section-boxed elementor-section-height-default elementor-section-height-default\" data-id=\"5a685ed1\" data-element_type=\"section\" data-e-type=\"section\" data-settings=\"{&quot;background_background&quot;:&quot;classic&quot;,&quot;_ha_eqh_enable&quot;:false}\">\n\t\t\t\t\t\t<div class=\"elementor-container elementor-column-gap-no\">\n\t\t\t\t\t<div class=\"elementor-column elementor-col-33 elementor-top-column elementor-element elementor-element-4aed7d8c\" data-id=\"4aed7d8c\" data-element_type=\"column\" data-e-type=\"column\">\n\t\t\t<div class=\"elementor-widget-wrap elementor-element-populated\">\n\t\t\t\t\t\t<div class=\"elementor-element elementor-element-4a9a70da elementor-widget elementor-widget-image\" data-id=\"4a9a70da\" data-element_type=\"widget\" data-e-type=\"widget\" data-widget_type=\"image.default\">\n\t\t\t\t<div class=\"elementor-widget-container\">\n\t\t\t\t\t\t\t\t\t\t\t\t\t\t\t<img decoding=\"async\" src=\"https:\/\/www.groennegade.dk\/wp-content\/uploads\/2024\/09\/image0.jpeg\" title=\"\" alt=\"\" loading=\"lazy\" \/>\t\t\t\t\t\t\t\t\t\t\t\t\t\t\t<\/div>\n\t\t\t\t<\/div>\n\t\t\t\t\t<\/div>\n\t\t<\/div>\n\t\t\t\t<div class=\"elementor-column elementor-col-33 elementor-top-column elementor-element elementor-element-ea67341 elementor-hidden-tablet\" data-id=\"ea67341\" data-element_type=\"column\" data-e-type=\"column\">\n\t\t\t<div class=\"elementor-widget-wrap\">\n\t\t\t\t\t\t\t<\/div>\n\t\t<\/div>\n\t\t\t\t<div class=\"elementor-column elementor-col-33 elementor-top-column elementor-element elementor-element-4143a556\" data-id=\"4143a556\" data-element_type=\"column\" data-e-type=\"column\">\n\t\t\t<div class=\"elementor-widget-wrap elementor-element-populated\">\n\t\t\t\t\t\t<div class=\"elementor-element elementor-element-540ebdc elementor-invisible elementor-widget elementor-widget-heading\" data-id=\"540ebdc\" data-element_type=\"widget\" data-e-type=\"widget\" data-settings=\"{&quot;_animation&quot;:&quot;fadeIn&quot;,&quot;_animation_delay&quot;:200}\" data-widget_type=\"heading.default\">\n\t\t\t\t<div class=\"elementor-widget-container\">\n\t\t\t\t\t<h3 class=\"elementor-heading-title elementor-size-default\">Events<\/h3>\t\t\t\t<\/div>\n\t\t\t\t<\/div>\n\t\t\t\t<div class=\"elementor-element elementor-element-673b4785 elementor-invisible elementor-widget elementor-widget-heading\" data-id=\"673b4785\" data-element_type=\"widget\" data-e-type=\"widget\" data-settings=\"{&quot;_animation&quot;:&quot;fadeIn&quot;,&quot;_animation_delay&quot;:200}\" data-widget_type=\"heading.default\">\n\t\t\t\t<div class=\"elementor-widget-container\">\n\t\t\t\t\t<h2 class=\"elementor-heading-title elementor-size-default\">Christmas menu in Copenhagen Centrum<\/h2>\t\t\t\t<\/div>\n\t\t\t\t<\/div>\n\t\t\t\t<div class=\"elementor-element elementor-element-394a887a elementor-invisible elementor-widget elementor-widget-text-editor\" data-id=\"394a887a\" data-element_type=\"widget\" data-e-type=\"widget\" data-settings=\"{&quot;_animation&quot;:&quot;fadeInUp&quot;,&quot;_animation_delay&quot;:400}\" data-widget_type=\"text-editor.default\">\n\t\t\t\t<div class=\"elementor-widget-container\">\n\t\t\t\t\t\t\t\t\t<p>Experience the festive season at Restaurant Gr\u00f8nnegade with a seasonal Christmas menu based on the finest ingredients.<\/p><p>Enjoy a complete dining experience with the option of a carefully selected wine pairing, set in warm and welcoming surroundings \u2013 perfect for both small gatherings and corporate events.<\/p><p>Reserve your Christmas lunch in good time.<\/p><p>This year we start our Christmas menu on November 13, 2026 through December 20, 2026.<\/p>\t\t\t\t\t\t\t\t<\/div>\n\t\t\t\t<\/div>\n\t\t\t\t\t<\/div>\n\t\t<\/div>\n\t\t\t\t\t<\/div>\n\t\t<\/section>\n\t\t\t\t<section class=\"elementor-section elementor-top-section elementor-element elementor-element-2aa7745f elementor-section-boxed elementor-section-height-default elementor-section-height-default\" data-id=\"2aa7745f\" data-element_type=\"section\" data-e-type=\"section\" data-settings=\"{&quot;background_background&quot;:&quot;classic&quot;,&quot;_ha_eqh_enable&quot;:false}\">\n\t\t\t\t\t\t<div class=\"elementor-container elementor-column-gap-no\">\n\t\t\t\t\t<div class=\"elementor-column elementor-col-100 elementor-top-column elementor-element elementor-element-463d0f5c\" data-id=\"463d0f5c\" data-element_type=\"column\" data-e-type=\"column\">\n\t\t\t<div class=\"elementor-widget-wrap elementor-element-populated\">\n\t\t\t\t\t\t<div class=\"elementor-element elementor-element-335eb43e elementor-invisible elementor-widget elementor-widget-heading\" data-id=\"335eb43e\" data-element_type=\"widget\" data-e-type=\"widget\" data-settings=\"{&quot;_animation&quot;:&quot;fadeIn&quot;}\" data-widget_type=\"heading.default\">\n\t\t\t\t<div class=\"elementor-widget-container\">\n\t\t\t\t\t<h2 class=\"elementor-heading-title elementor-size-default\">Christmas menu<\/h2>\t\t\t\t<\/div>\n\t\t\t\t<\/div>\n\t\t\t\t\t<\/div>\n\t\t<\/div>\n\t\t\t\t\t<\/div>\n\t\t<\/section>\n\t\t\t\t<section class=\"elementor-section elementor-top-section elementor-element elementor-element-26773eef elementor-section-boxed elementor-section-height-default elementor-section-height-default\" data-id=\"26773eef\" data-element_type=\"section\" data-e-type=\"section\" data-settings=\"{&quot;background_background&quot;:&quot;classic&quot;,&quot;_ha_eqh_enable&quot;:false}\">\n\t\t\t\t\t\t<div class=\"elementor-container elementor-column-gap-no\">\n\t\t\t\t\t<div class=\"elementor-column elementor-col-100 elementor-top-column elementor-element elementor-element-32f8e44b elementor-invisible\" data-id=\"32f8e44b\" data-element_type=\"column\" data-e-type=\"column\" data-settings=\"{&quot;animation&quot;:&quot;fadeInUp&quot;}\">\n\t\t\t<div class=\"elementor-widget-wrap elementor-element-populated\">\n\t\t\t\t\t\t<section class=\"elementor-section elementor-inner-section elementor-element elementor-element-5ede7f7c elementor-section-boxed elementor-section-height-default elementor-section-height-default\" data-id=\"5ede7f7c\" data-element_type=\"section\" data-e-type=\"section\" data-settings=\"{&quot;_ha_eqh_enable&quot;:false}\">\n\t\t\t\t\t\t<div class=\"elementor-container elementor-column-gap-no\">\n\t\t\t\t\t<div class=\"elementor-column elementor-col-100 elementor-inner-column elementor-element elementor-element-186d5b3f\" data-id=\"186d5b3f\" data-element_type=\"column\" data-e-type=\"column\">\n\t\t\t<div class=\"elementor-widget-wrap elementor-element-populated\">\n\t\t\t\t\t\t<div class=\"elementor-element elementor-element-21b7e234 elementor-absolute elementor-hidden-tablet elementor-hidden-phone elementor-widget-divider--view-line elementor-widget elementor-widget-divider\" data-id=\"21b7e234\" data-element_type=\"widget\" data-e-type=\"widget\" data-settings=\"{&quot;_position&quot;:&quot;absolute&quot;}\" data-widget_type=\"divider.default\">\n\t\t\t\t<div class=\"elementor-widget-container\">\n\t\t\t\t\t\t\t<div class=\"elementor-divider\">\n\t\t\t<span class=\"elementor-divider-separator\">\n\t\t\t\t\t\t<\/span>\n\t\t<\/div>\n\t\t\t\t\t\t<\/div>\n\t\t\t\t<\/div>\n\t\t\t\t<div class=\"elementor-element elementor-element-49b4f32f elementor-widget elementor-widget-text-editor\" data-id=\"49b4f32f\" data-element_type=\"widget\" data-e-type=\"widget\" data-widget_type=\"text-editor.default\">\n\t\t\t\t<div class=\"elementor-widget-container\">\n\t\t\t\t\t\t\t\t\t<p>Beetroot<\/p>\n<p>Beetroot \u2013 Hazelnut \u2013 Parmesan \u2013 Browned Butter&nbsp;<\/p>\n<p>Crab<\/p>\n<p>Bisque of krabbe \u2013 Souffle of pike.<\/p>\n<p><span style=\"color: var( --e-global-color-ab58cf2 ); font-family: var( --e-global-typography-d0a9192-font-family ), Sans-serif; font-size: var( --e-global-typography-d0a9192-font-size ); font-weight: var( --e-global-typography-d0a9192-font-weight ); background-color: var( --e-global-color-text );\">\u2013<\/span><\/p>\n<p><span style=\"color: var( --e-global-color-ab58cf2 ); font-family: var( --e-global-typography-d0a9192-font-family ), Sans-serif; font-size: var( --e-global-typography-d0a9192-font-size ); font-weight: var( --e-global-typography-d0a9192-font-weight ); background-color: var( --e-global-color-text );\">Scallop<\/span><\/p>\n<p>Fried scallop \u2013 Lobster sauce \u2013 Apple \u2013 Roasted cabbage<\/p>\n<p>\u2013<\/p>\n<p>Duroc pig on leg<\/p>\n<p>Duroc Pig on Leg \u2013 Crusted with Chestnuts \u2013 Beech Hats \u2013 Truffle Puff<\/p>\n<p>\u2013<\/p>\n<p>Irish Flat Iron Beef<\/p>\n<p>Irish Flat Irion Beef \u2013 krokette<span style=\"background-color: var( --e-global-color-text ); color: var( --e-global-color-ab58cf2 ); font-family: var( --e-global-typography-d0a9192-font-family ), Sans-serif; font-size: var( --e-global-typography-d0a9192-font-size ); font-weight: var( --e-global-typography-d0a9192-font-weight );\">&nbsp;with shank \u2013 Jerusalem artichokes \u2013 Blackcurrants \u2013 Sauce Glace<\/span><\/p>\n<p>\u2013<\/p>\n<p>Creme br\u00fbl\u00e9e with lemon<\/p>\n<p>\u2013<\/p>\n<p>Dark Chocolate<\/p>\n<p>Chocolate Mousse \u2013 Cherry \u2013 Almond Praline \u2013 Sorbet<\/p>\n<p>Price per person 775 kr.<\/p>\n<p>We recommend our Wine Menu, but also have a large wine list of over 350 wines to choose from.<\/p>\n<p>Wine menu.<\/p>\n<p>2023 Gruner Veltliner, Domaine Gobelsburg<\/p>\n<p>2023 Macon \u2013 Village, Domaine Rijckaert<\/p>\n<p>2022 Matthias Gaul, Pinot Noir<\/p>\n<p>2015 Chateau Treytins Montagne Grand Cru<\/p>\n<p><span style=\"color: var( --e-global-color-ab58cf2 ); font-family: var( --e-global-typography-d0a9192-font-family ), Sans-serif; font-size: var( --e-global-typography-d0a9192-font-size ); font-weight: var( --e-global-typography-d0a9192-font-weight ); letter-spacing: var( --e-global-typography-d0a9192-letter-spacing ); word-spacing: var( --e-global-typography-d0a9192-word-spacing ); background-color: var( --e-global-color-text );\">2011 Carmes De Riessec, Sauternes<\/span><\/p>\n<p>Price per person 700 kr.<\/p>\t\t\t\t\t\t\t\t<\/div>\n\t\t\t\t<\/div>\n\t\t\t\t\t<\/div>\n\t\t<\/div>\n\t\t\t\t\t<\/div>\n\t\t<\/section>\n\t\t\t\t\t<\/div>\n\t\t<\/div>\n\t\t\t\t\t<\/div>\n\t\t<\/section>\n\t\t\t\t<section class=\"elementor-section elementor-top-section elementor-element elementor-element-65fddc7f elementor-section-height-min-height elementor-section-boxed elementor-section-height-default elementor-section-items-middle\" data-id=\"65fddc7f\" data-element_type=\"section\" data-e-type=\"section\" data-settings=\"{&quot;background_background&quot;:&quot;classic&quot;,&quot;_ha_eqh_enable&quot;:false}\">\n\t\t\t\t\t\t\t<div class=\"elementor-background-overlay\"><\/div>\n\t\t\t\t\t\t\t<div class=\"elementor-container elementor-column-gap-default\">\n\t\t\t\t\t<div class=\"elementor-column elementor-col-100 elementor-top-column elementor-element elementor-element-5fe08b33\" data-id=\"5fe08b33\" data-element_type=\"column\" data-e-type=\"column\">\n\t\t\t<div class=\"elementor-widget-wrap elementor-element-populated\">\n\t\t\t\t\t\t<div class=\"elementor-element elementor-element-3d601a61 elementor-invisible elementor-widget elementor-widget-heading\" data-id=\"3d601a61\" data-element_type=\"widget\" data-e-type=\"widget\" data-settings=\"{&quot;_animation&quot;:&quot;fadeInUp&quot;}\" data-widget_type=\"heading.default\">\n\t\t\t\t<div class=\"elementor-widget-container\">\n\t\t\t\t\t<h2 class=\"elementor-heading-title elementor-size-default\">Visit us at restaurant gr\u00f8nnegade\n<\/h2>\t\t\t\t<\/div>\n\t\t\t\t<\/div>\n\t\t\t\t<div class=\"elementor-element elementor-element-56634201 elementor-invisible elementor-widget elementor-widget-text-editor\" data-id=\"56634201\" data-element_type=\"widget\" data-e-type=\"widget\" data-settings=\"{&quot;_animation&quot;:&quot;fadeInUp&quot;,&quot;_animation_delay&quot;:200}\" data-widget_type=\"text-editor.default\">\n\t\t\t\t<div class=\"elementor-widget-container\">\n\t\t\t\t\t\t\t\t\t<p>We look forward to seeing you for a fantastic evening - please book well in advance.<\/p>\t\t\t\t\t\t\t\t<\/div>\n\t\t\t\t<\/div>\n\t\t\t\t<div class=\"elementor-element elementor-element-78a0f59e elementor-align-center elementor-mobile-align-center elementor-invisible elementor-widget elementor-widget-button\" data-id=\"78a0f59e\" data-element_type=\"widget\" data-e-type=\"widget\" data-settings=\"{&quot;_animation&quot;:&quot;fadeInUp&quot;,&quot;_animation_delay&quot;:400}\" data-widget_type=\"button.default\">\n\t\t\t\t<div class=\"elementor-widget-container\">\n\t\t\t\t\t\t\t\t\t<div class=\"elementor-button-wrapper\">\n\t\t\t\t\t<a class=\"elementor-button elementor-button-link elementor-size-sm elementor-animation-grow\" href=\"https:\/\/book.easytable.com\/book\/?id=a43b6&#038;lang=auto\" target=\"_blank\">\n\t\t\t\t\t\t<span class=\"elementor-button-content-wrapper\">\n\t\t\t\t\t\t\t\t\t<span class=\"elementor-button-text\">Reserve a table<\/span>\n\t\t\t\t\t<\/span>\n\t\t\t\t\t<\/a>\n\t\t\t\t<\/div>\n\t\t\t\t\t\t\t\t<\/div>\n\t\t\t\t<\/div>\n\t\t\t\t\t<\/div>\n\t\t<\/div>\n\t\t\t\t\t<\/div>\n\t\t<\/section>\n\t\t\t\t<\/div>","protected":false},"excerpt":{"rendered":"<p>Jule menu Arrangement Julemenu i K\u00f8benhavn centrum Oplev julen hos Restaurant Gr\u00f8nnegade med en stemningsfuld julemenu baseret p\u00e5 s\u00e6sonens bedste r\u00e5varer. Nyd en fuldendt oplevelse med mulighed for vinmenu i hyggelige rammer \u2013 perfekt til b\u00e5de mindre selskaber og firmaarrangementer. Book julefrokost i god tid. I \u00e5r starter vi vores julemenu den 13.11.2026 til og [&hellip;]<\/p>\n","protected":false},"author":1,"featured_media":0,"parent":0,"menu_order":0,"comment_status":"closed","ping_status":"closed","template":"elementor_canvas","meta":{"inline_featured_image":false,"footnotes":""},"class_list":["post-3674","page","type-page","status-publish","hentry"],"yoast_head":"<!-- This site is optimized with the Yoast SEO plugin v27.5 - https:\/\/yoast.com\/product\/yoast-seo-wordpress\/ -->\n<title>Julemenu K\u00f8benhavn 2026 - Julefrokost Restaurant Gr\u00f8nnegade<\/title>\n<meta name=\"description\" content=\"Julemenu i K\u00f8benhavn centrum hos Restaurant Gr\u00f8nnegade. Nyd en eksklusiv julefrokost med gourmet, vinmenu og hyggelig stemning \u2013 book bord i dag.\" \/>\n<meta name=\"robots\" content=\"index, follow, max-snippet:-1, max-image-preview:large, max-video-preview:-1\" \/>\n<link rel=\"canonical\" href=\"https:\/\/www.groennegade.dk\/en\/julemenu\/\" \/>\n<meta property=\"og:locale\" content=\"en_GB\" \/>\n<meta property=\"og:type\" content=\"article\" \/>\n<meta property=\"og:title\" content=\"Julemenu K\u00f8benhavn 2026 - Julefrokost Restaurant Gr\u00f8nnegade\" \/>\n<meta property=\"og:description\" content=\"Julemenu i K\u00f8benhavn centrum hos Restaurant Gr\u00f8nnegade. Nyd en eksklusiv julefrokost med gourmet, vinmenu og hyggelig stemning \u2013 book bord i dag.\" \/>\n<meta property=\"og:url\" content=\"https:\/\/www.groennegade.dk\/en\/julemenu\/\" \/>\n<meta property=\"og:site_name\" content=\"Restaurant Gr\u00f8nnegade\" \/>\n<meta property=\"article:modified_time\" content=\"2026-04-27T11:46:39+00:00\" \/>\n<meta property=\"og:image\" content=\"https:\/\/www.groennegade.dk\/wp-content\/uploads\/elementor\/thumbs\/image0-quou1lv04vavjaua1ung0mlw7z599gi24ohk4ndncg.jpeg\" \/>\n<meta name=\"twitter:card\" content=\"summary_large_image\" \/>\n<meta name=\"twitter:label1\" content=\"Estimated reading time\" \/>\n\t<meta name=\"twitter:data1\" content=\"2 minutes\" \/>\n<script type=\"application\/ld+json\" class=\"yoast-schema-graph\">{\"@context\":\"https:\\\/\\\/schema.org\",\"@graph\":[{\"@type\":\"WebPage\",\"@id\":\"https:\\\/\\\/www.groennegade.dk\\\/julemenu\\\/\",\"url\":\"https:\\\/\\\/www.groennegade.dk\\\/julemenu\\\/\",\"name\":\"Julemenu K\u00f8benhavn 2026 - Julefrokost Restaurant Gr\u00f8nnegade\",\"isPartOf\":{\"@id\":\"https:\\\/\\\/www.groennegade.dk\\\/#website\"},\"primaryImageOfPage\":{\"@id\":\"https:\\\/\\\/www.groennegade.dk\\\/julemenu\\\/#primaryimage\"},\"image\":{\"@id\":\"https:\\\/\\\/www.groennegade.dk\\\/julemenu\\\/#primaryimage\"},\"thumbnailUrl\":\"https:\\\/\\\/www.groennegade.dk\\\/wp-content\\\/uploads\\\/elementor\\\/thumbs\\\/image0-quou1lv04vavjaua1ung0mlw7z599gi24ohk4ndncg.jpeg\",\"datePublished\":\"2021-07-01T07:37:25+00:00\",\"dateModified\":\"2026-04-27T11:46:39+00:00\",\"description\":\"Julemenu i K\u00f8benhavn centrum hos Restaurant Gr\u00f8nnegade. Nyd en eksklusiv julefrokost med gourmet, vinmenu og hyggelig stemning \u2013 book bord i dag.\",\"breadcrumb\":{\"@id\":\"https:\\\/\\\/www.groennegade.dk\\\/julemenu\\\/#breadcrumb\"},\"inLanguage\":\"en-GB\",\"potentialAction\":[{\"@type\":\"ReadAction\",\"target\":[\"https:\\\/\\\/www.groennegade.dk\\\/julemenu\\\/\"]}]},{\"@type\":\"ImageObject\",\"inLanguage\":\"en-GB\",\"@id\":\"https:\\\/\\\/www.groennegade.dk\\\/julemenu\\\/#primaryimage\",\"url\":\"https:\\\/\\\/www.groennegade.dk\\\/wp-content\\\/uploads\\\/elementor\\\/thumbs\\\/image0-quou1lv04vavjaua1ung0mlw7z599gi24ohk4ndncg.jpeg\",\"contentUrl\":\"https:\\\/\\\/www.groennegade.dk\\\/wp-content\\\/uploads\\\/elementor\\\/thumbs\\\/image0-quou1lv04vavjaua1ung0mlw7z599gi24ohk4ndncg.jpeg\"},{\"@type\":\"BreadcrumbList\",\"@id\":\"https:\\\/\\\/www.groennegade.dk\\\/julemenu\\\/#breadcrumb\",\"itemListElement\":[{\"@type\":\"ListItem\",\"position\":1,\"name\":\"Hjem\",\"item\":\"https:\\\/\\\/www.groennegade.dk\\\/\"},{\"@type\":\"ListItem\",\"position\":2,\"name\":\"Julemenu\"}]},{\"@type\":\"WebSite\",\"@id\":\"https:\\\/\\\/www.groennegade.dk\\\/#website\",\"url\":\"https:\\\/\\\/www.groennegade.dk\\\/\",\"name\":\"Restaurant Gr\u00f8nnegade\",\"description\":\"Velkommen til Restaurant Gr\u00f8nnegade\",\"publisher\":{\"@id\":\"https:\\\/\\\/www.groennegade.dk\\\/#organization\"},\"potentialAction\":[{\"@type\":\"SearchAction\",\"target\":{\"@type\":\"EntryPoint\",\"urlTemplate\":\"https:\\\/\\\/www.groennegade.dk\\\/?s={search_term_string}\"},\"query-input\":{\"@type\":\"PropertyValueSpecification\",\"valueRequired\":true,\"valueName\":\"search_term_string\"}}],\"inLanguage\":\"en-GB\"},{\"@type\":\"Organization\",\"@id\":\"https:\\\/\\\/www.groennegade.dk\\\/#organization\",\"name\":\"Restaurant Gr\u00f8nnegade\",\"url\":\"https:\\\/\\\/www.groennegade.dk\\\/\",\"logo\":{\"@type\":\"ImageObject\",\"inLanguage\":\"en-GB\",\"@id\":\"https:\\\/\\\/www.groennegade.dk\\\/#\\\/schema\\\/logo\\\/image\\\/\",\"url\":\"https:\\\/\\\/groennegade.dk\\\/wp-content\\\/uploads\\\/2021\\\/06\\\/logo_restaurant_groennegade.png\",\"contentUrl\":\"https:\\\/\\\/groennegade.dk\\\/wp-content\\\/uploads\\\/2021\\\/06\\\/logo_restaurant_groennegade.png\",\"width\":283,\"height\":48,\"caption\":\"Restaurant Gr\u00f8nnegade\"},\"image\":{\"@id\":\"https:\\\/\\\/www.groennegade.dk\\\/#\\\/schema\\\/logo\\\/image\\\/\"}}]}<\/script>\n<!-- \/ Yoast SEO plugin. -->","yoast_head_json":{"title":"Julemenu K\u00f8benhavn 2026 - Julefrokost Restaurant Gr\u00f8nnegade","description":"Julemenu i K\u00f8benhavn centrum hos Restaurant Gr\u00f8nnegade. Nyd en eksklusiv julefrokost med gourmet, vinmenu og hyggelig stemning \u2013 book bord i dag.","robots":{"index":"index","follow":"follow","max-snippet":"max-snippet:-1","max-image-preview":"max-image-preview:large","max-video-preview":"max-video-preview:-1"},"canonical":"https:\/\/www.groennegade.dk\/en\/julemenu\/","og_locale":"en_GB","og_type":"article","og_title":"Julemenu K\u00f8benhavn 2026 - Julefrokost Restaurant Gr\u00f8nnegade","og_description":"Julemenu i K\u00f8benhavn centrum hos Restaurant Gr\u00f8nnegade. Nyd en eksklusiv julefrokost med gourmet, vinmenu og hyggelig stemning \u2013 book bord i dag.","og_url":"https:\/\/www.groennegade.dk\/en\/julemenu\/","og_site_name":"Restaurant Gr\u00f8nnegade","article_modified_time":"2026-04-27T11:46:39+00:00","og_image":[{"url":"https:\/\/www.groennegade.dk\/wp-content\/uploads\/elementor\/thumbs\/image0-quou1lv04vavjaua1ung0mlw7z599gi24ohk4ndncg.jpeg","type":"","width":"","height":""}],"twitter_card":"summary_large_image","twitter_misc":{"Estimated reading time":"2 minutes"},"schema":{"@context":"https:\/\/schema.org","@graph":[{"@type":"WebPage","@id":"https:\/\/www.groennegade.dk\/julemenu\/","url":"https:\/\/www.groennegade.dk\/julemenu\/","name":"Julemenu K\u00f8benhavn 2026 - Julefrokost Restaurant Gr\u00f8nnegade","isPartOf":{"@id":"https:\/\/www.groennegade.dk\/#website"},"primaryImageOfPage":{"@id":"https:\/\/www.groennegade.dk\/julemenu\/#primaryimage"},"image":{"@id":"https:\/\/www.groennegade.dk\/julemenu\/#primaryimage"},"thumbnailUrl":"https:\/\/www.groennegade.dk\/wp-content\/uploads\/elementor\/thumbs\/image0-quou1lv04vavjaua1ung0mlw7z599gi24ohk4ndncg.jpeg","datePublished":"2021-07-01T07:37:25+00:00","dateModified":"2026-04-27T11:46:39+00:00","description":"Julemenu i K\u00f8benhavn centrum hos Restaurant Gr\u00f8nnegade. Nyd en eksklusiv julefrokost med gourmet, vinmenu og hyggelig stemning \u2013 book bord i dag.","breadcrumb":{"@id":"https:\/\/www.groennegade.dk\/julemenu\/#breadcrumb"},"inLanguage":"en-GB","potentialAction":[{"@type":"ReadAction","target":["https:\/\/www.groennegade.dk\/julemenu\/"]}]},{"@type":"ImageObject","inLanguage":"en-GB","@id":"https:\/\/www.groennegade.dk\/julemenu\/#primaryimage","url":"https:\/\/www.groennegade.dk\/wp-content\/uploads\/elementor\/thumbs\/image0-quou1lv04vavjaua1ung0mlw7z599gi24ohk4ndncg.jpeg","contentUrl":"https:\/\/www.groennegade.dk\/wp-content\/uploads\/elementor\/thumbs\/image0-quou1lv04vavjaua1ung0mlw7z599gi24ohk4ndncg.jpeg"},{"@type":"BreadcrumbList","@id":"https:\/\/www.groennegade.dk\/julemenu\/#breadcrumb","itemListElement":[{"@type":"ListItem","position":1,"name":"Hjem","item":"https:\/\/www.groennegade.dk\/"},{"@type":"ListItem","position":2,"name":"Julemenu"}]},{"@type":"WebSite","@id":"https:\/\/www.groennegade.dk\/#website","url":"https:\/\/www.groennegade.dk\/","name":"Restaurant Gr\u00f8nnegade","description":"Welcome to Restaurant Gr\u00f8nnegade","publisher":{"@id":"https:\/\/www.groennegade.dk\/#organization"},"potentialAction":[{"@type":"SearchAction","target":{"@type":"EntryPoint","urlTemplate":"https:\/\/www.groennegade.dk\/?s={search_term_string}"},"query-input":{"@type":"PropertyValueSpecification","valueRequired":true,"valueName":"search_term_string"}}],"inLanguage":"en-GB"},{"@type":"Organization","@id":"https:\/\/www.groennegade.dk\/#organization","name":"Restaurant Gr\u00f8nnegade","url":"https:\/\/www.groennegade.dk\/","logo":{"@type":"ImageObject","inLanguage":"en-GB","@id":"https:\/\/www.groennegade.dk\/#\/schema\/logo\/image\/","url":"https:\/\/groennegade.dk\/wp-content\/uploads\/2021\/06\/logo_restaurant_groennegade.png","contentUrl":"https:\/\/groennegade.dk\/wp-content\/uploads\/2021\/06\/logo_restaurant_groennegade.png","width":283,"height":48,"caption":"Restaurant Gr\u00f8nnegade"},"image":{"@id":"https:\/\/www.groennegade.dk\/#\/schema\/logo\/image\/"}}]}},"_links":{"self":[{"href":"https:\/\/www.groennegade.dk\/en\/wp-json\/wp\/v2\/pages\/3674","targetHints":{"allow":["GET"]}}],"collection":[{"href":"https:\/\/www.groennegade.dk\/en\/wp-json\/wp\/v2\/pages"}],"about":[{"href":"https:\/\/www.groennegade.dk\/en\/wp-json\/wp\/v2\/types\/page"}],"author":[{"embeddable":true,"href":"https:\/\/www.groennegade.dk\/en\/wp-json\/wp\/v2\/users\/1"}],"replies":[{"embeddable":true,"href":"https:\/\/www.groennegade.dk\/en\/wp-json\/wp\/v2\/comments?post=3674"}],"version-history":[{"count":212,"href":"https:\/\/www.groennegade.dk\/en\/wp-json\/wp\/v2\/pages\/3674\/revisions"}],"predecessor-version":[{"id":7343,"href":"https:\/\/www.groennegade.dk\/en\/wp-json\/wp\/v2\/pages\/3674\/revisions\/7343"}],"wp:attachment":[{"href":"https:\/\/www.groennegade.dk\/en\/wp-json\/wp\/v2\/media?parent=3674"}],"curies":[{"name":"wp","href":"https:\/\/api.w.org\/{rel}","templated":true}]}}