{"id":2391,"date":"2021-05-29T14:50:58","date_gmt":"2021-05-29T12:50:58","guid":{"rendered":"http:\/\/groennegade.dk\/?page_id=2391"},"modified":"2026-04-26T16:19:04","modified_gmt":"2026-04-26T14:19:04","slug":"faq","status":"publish","type":"page","link":"https:\/\/www.groennegade.dk\/en\/faq\/","title":{"rendered":"Frequently asked questions"},"content":{"rendered":"<div data-elementor-type=\"wp-page\" data-elementor-id=\"2391\" class=\"elementor elementor-2391\" data-elementor-settings=\"{&quot;ha_cmc_init_switcher&quot;:&quot;no&quot;}\" data-elementor-post-type=\"page\">\n\t\t\t\t\t\t<section class=\"elementor-section elementor-top-section elementor-element elementor-element-5f72f0ae elementor-section-height-min-height elementor-section-boxed elementor-section-height-default elementor-section-items-middle\" data-id=\"5f72f0ae\" data-element_type=\"section\" data-e-type=\"section\" data-settings=\"{&quot;background_background&quot;:&quot;classic&quot;,&quot;_ha_eqh_enable&quot;:false}\">\n\t\t\t\t\t\t\t<div class=\"elementor-background-overlay\"><\/div>\n\t\t\t\t\t\t\t<div class=\"elementor-container elementor-column-gap-no\">\n\t\t\t\t\t<div class=\"elementor-column elementor-col-100 elementor-top-column elementor-element elementor-element-21da79e3\" data-id=\"21da79e3\" data-element_type=\"column\" data-e-type=\"column\">\n\t\t\t<div class=\"elementor-widget-wrap elementor-element-populated\">\n\t\t\t\t\t\t<div class=\"elementor-element elementor-element-5ce1a667 elementor-invisible elementor-widget elementor-widget-heading\" data-id=\"5ce1a667\" data-element_type=\"widget\" data-e-type=\"widget\" data-settings=\"{&quot;_animation&quot;:&quot;fadeInUp&quot;}\" data-widget_type=\"heading.default\">\n\t\t\t\t<div class=\"elementor-widget-container\">\n\t\t\t\t\t<h1 class=\"elementor-heading-title elementor-size-default\">FAQ<\/h1>\t\t\t\t<\/div>\n\t\t\t\t<\/div>\n\t\t\t\t\t<\/div>\n\t\t<\/div>\n\t\t\t\t\t<\/div>\n\t\t<\/section>\n\t\t\t\t<section class=\"elementor-section elementor-top-section elementor-element elementor-element-3c13eb04 elementor-section-height-min-height elementor-section-boxed elementor-section-height-default elementor-section-items-middle\" data-id=\"3c13eb04\" data-element_type=\"section\" data-e-type=\"section\" data-settings=\"{&quot;background_background&quot;:&quot;classic&quot;,&quot;_ha_eqh_enable&quot;:false}\">\n\t\t\t\t\t\t\t<div class=\"elementor-background-overlay\"><\/div>\n\t\t\t\t\t\t\t<div class=\"elementor-container elementor-column-gap-no\">\n\t\t\t\t\t<div class=\"elementor-column elementor-col-100 elementor-top-column elementor-element elementor-element-71f9d5e3\" data-id=\"71f9d5e3\" data-element_type=\"column\" data-e-type=\"column\">\n\t\t\t<div class=\"elementor-widget-wrap elementor-element-populated\">\n\t\t\t\t\t\t<div class=\"elementor-element elementor-element-302f34ba elementor-invisible elementor-widget elementor-widget-heading\" data-id=\"302f34ba\" data-element_type=\"widget\" data-e-type=\"widget\" data-settings=\"{&quot;_animation&quot;:&quot;fadeIn&quot;}\" data-widget_type=\"heading.default\">\n\t\t\t\t<div class=\"elementor-widget-container\">\n\t\t\t\t\t<h2 class=\"elementor-heading-title elementor-size-default\">Frequently asked questions<\/h2>\t\t\t\t<\/div>\n\t\t\t\t<\/div>\n\t\t\t\t<div class=\"elementor-element elementor-element-59a5ed8b elementor-invisible elementor-widget elementor-widget-elementskit-accordion\" data-id=\"59a5ed8b\" data-element_type=\"widget\" data-e-type=\"widget\" data-settings=\"{&quot;_animation&quot;:&quot;fadeInUp&quot;,&quot;_animation_delay&quot;:200}\" data-widget_type=\"elementskit-accordion.default\">\n\t\t\t\t<div class=\"elementor-widget-container\">\n\t\t\t\t\t<div class=\"ekit-wid-con\" >\n        <div class=\"elementskit-accordion accoedion-primary\" id=\"accordion-6a01b63188bf6\">\n\n            \n                <div class=\"elementskit-card active\">\n                    <div class=\"elementskit-card-header\" id=\"primaryHeading-0-59a5ed8b\">\n                        <a href=\"#collapse-3bb42d76a01b63188bf6\" class=\"ekit-accordion--toggler elementskit-btn-link collapsed\" data-ekit-toggle=\"collapse\" data-target=\"#Collapse-3bb42d76a01b63188bf6\" aria-expanded=\"true\" aria-controls=\"Collapse-3bb42d76a01b63188bf6\">\n                            \n                            <span class=\"ekit-accordion-title\">What is Restaurant Gr\u00f8nnegade&#039;s child policy?<\/span>\n\n                            \n                                <div class=\"ekit_accordion_icon_group\">\n                                    <div class=\"ekit_accordion_normal_icon\">\n                                        <!-- Normal Icon -->\n\t\t\t\t\t\t\t\t\t\t<i class=\"icon icon-plus\"><\/i>                                    <\/div>\n\n                                    <div class=\"ekit_accordion_active_icon\">\n                                        <!-- Active Icon -->\n\t\t\t\t\t\t\t\t\t\t<i class=\"icon icon-minus\"><\/i>                                    <\/div>\n                                <\/div>\n\n                            \n                                                    <\/a>\n                    <\/div>\n\n                    <div id=\"Collapse-3bb42d76a01b63188bf6\" class=\"show collapse\" aria-labelledby=\"primaryHeading-0-59a5ed8b\" data-parent=\"#accordion-6a01b63188bf6\">\n\n                        <div class=\"elementskit-card-body ekit-accordion--content\">\n                            <p>At Restaurant Gr\u00f8nnegade, we do everything to ensure that our guests have a nice, quiet evening, with good food and drink.<\/p><p>Therefore, we have chosen not to have children under the age of 16 at Restaurant Gr\u00f8nnegade.<\/p>                        <\/div>\n\n                    <\/div>\n\n                <\/div><!-- .elementskit-card END -->\n\n                \n                <div class=\"elementskit-card\">\n                    <div class=\"elementskit-card-header\" id=\"primaryHeading-1-59a5ed8b\">\n                        <a href=\"#collapse-51b6ea96a01b63188bf6\" class=\"ekit-accordion--toggler elementskit-btn-link collapsed\" data-ekit-toggle=\"collapse\" data-target=\"#Collapse-51b6ea96a01b63188bf6\" aria-expanded=\"false\" aria-controls=\"Collapse-51b6ea96a01b63188bf6\">\n                            \n                            <span class=\"ekit-accordion-title\">What happens if I do not re-confirm my reservation?<\/span>\n\n                            \n                                <div class=\"ekit_accordion_icon_group\">\n                                    <div class=\"ekit_accordion_normal_icon\">\n                                        <!-- Normal Icon -->\n\t\t\t\t\t\t\t\t\t\t<i class=\"icon icon-plus\"><\/i>                                    <\/div>\n\n                                    <div class=\"ekit_accordion_active_icon\">\n                                        <!-- Active Icon -->\n\t\t\t\t\t\t\t\t\t\t<i class=\"icon icon-minus\"><\/i>                                    <\/div>\n                                <\/div>\n\n                            \n                                                    <\/a>\n                    <\/div>\n\n                    <div id=\"Collapse-51b6ea96a01b63188bf6\" class=\"collapse\" aria-labelledby=\"primaryHeading-1-59a5ed8b\" data-parent=\"#accordion-6a01b63188bf6\">\n\n                        <div class=\"elementskit-card-body ekit-accordion--content\">\n                            <p>Unfortunately, we experience relatively often that guests do not show up to booked tables. This has a big cost for us as a restaurant and therefore we naturally do everything we can to reduce &quot;no-shows&quot;. Therefore, we ask guests to re-confirm their reservation. If you do not confirm, you will lose the reservation.<\/p>                        <\/div>\n\n                    <\/div>\n\n                <\/div><!-- .elementskit-card END -->\n\n                                        <\/div>\n    <\/div>\t\t\t\t<\/div>\n\t\t\t\t<\/div>\n\t\t\t\t<div class=\"elementor-element elementor-element-4063ebdb elementor-align-center elementor-invisible elementor-widget elementor-widget-button\" data-id=\"4063ebdb\" data-element_type=\"widget\" data-e-type=\"widget\" data-settings=\"{&quot;_animation&quot;:&quot;fadeInUp&quot;,&quot;_animation_delay&quot;:400}\" data-widget_type=\"button.default\">\n\t\t\t\t<div class=\"elementor-widget-container\">\n\t\t\t\t\t\t\t\t\t<div class=\"elementor-button-wrapper\">\n\t\t\t\t\t<a class=\"elementor-button elementor-button-link elementor-size-sm elementor-animation-grow\" href=\"https:\/\/www.groennegade.dk\/en\/kontakt\/\">\n\t\t\t\t\t\t<span class=\"elementor-button-content-wrapper\">\n\t\t\t\t\t\t\t\t\t<span class=\"elementor-button-text\">Contact us<\/span>\n\t\t\t\t\t<\/span>\n\t\t\t\t\t<\/a>\n\t\t\t\t<\/div>\n\t\t\t\t\t\t\t\t<\/div>\n\t\t\t\t<\/div>\n\t\t\t\t\t<\/div>\n\t\t<\/div>\n\t\t\t\t\t<\/div>\n\t\t<\/section>\n\t\t\t\t<\/div>","protected":false},"excerpt":{"rendered":"<p>F.A.Q Ofte stillede sp\u00f8rgsm\u00e5l Hvad er Restaurant Gr\u00f8nnegades b\u00f8rnepolitik? P\u00e5 Restaurant Gr\u00f8nnegade g\u00f8r vi alt for at vores g\u00e6ster skal have en dejlig rolig aften, med god mad og drikke. Derfor har vi valgt ikke at have b\u00f8rn under 16 \u00e5r p\u00e5 Restaurant Gr\u00f8nnegade. Hvad sker der hvis jeg ikke gen-bekr\u00e6fter min reservation? Vi oplever [&hellip;]<\/p>\n","protected":false},"author":1,"featured_media":0,"parent":0,"menu_order":0,"comment_status":"closed","ping_status":"closed","template":"elementor_canvas","meta":{"inline_featured_image":false,"footnotes":""},"class_list":["post-2391","page","type-page","status-publish","hentry"],"yoast_head":"<!-- This site is optimized with the Yoast SEO plugin v27.5 - https:\/\/yoast.com\/product\/yoast-seo-wordpress\/ -->\n<title>Ofte stillede sp\u00f8rgsm\u00e5l - Restaurant Gr\u00f8nnegade<\/title>\n<meta name=\"robots\" content=\"index, follow, max-snippet:-1, max-image-preview:large, max-video-preview:-1\" \/>\n<link rel=\"canonical\" href=\"https:\/\/www.groennegade.dk\/en\/faq\/\" \/>\n<meta property=\"og:locale\" content=\"en_GB\" \/>\n<meta property=\"og:type\" content=\"article\" \/>\n<meta property=\"og:title\" content=\"Ofte stillede sp\u00f8rgsm\u00e5l - Restaurant Gr\u00f8nnegade\" \/>\n<meta property=\"og:description\" content=\"F.A.Q Ofte stillede sp\u00f8rgsm\u00e5l Hvad er Restaurant Gr\u00f8nnegades b\u00f8rnepolitik? P\u00e5 Restaurant Gr\u00f8nnegade g\u00f8r vi alt for at vores g\u00e6ster skal have en dejlig rolig aften, med god mad og drikke. Derfor har vi valgt ikke at have b\u00f8rn under 16 \u00e5r p\u00e5 Restaurant Gr\u00f8nnegade. Hvad sker der hvis jeg ikke gen-bekr\u00e6fter min reservation? Vi oplever [&hellip;]\" \/>\n<meta property=\"og:url\" content=\"https:\/\/www.groennegade.dk\/en\/faq\/\" \/>\n<meta property=\"og:site_name\" content=\"Restaurant Gr\u00f8nnegade\" \/>\n<meta property=\"article:modified_time\" content=\"2026-04-26T14:19:04+00:00\" \/>\n<meta name=\"twitter:card\" content=\"summary_large_image\" \/>\n<meta name=\"twitter:label1\" content=\"Estimated reading time\" \/>\n\t<meta name=\"twitter:data1\" content=\"1 minute\" \/>\n<script type=\"application\/ld+json\" class=\"yoast-schema-graph\">{\"@context\":\"https:\\\/\\\/schema.org\",\"@graph\":[{\"@type\":\"WebPage\",\"@id\":\"https:\\\/\\\/www.groennegade.dk\\\/faq\\\/\",\"url\":\"https:\\\/\\\/www.groennegade.dk\\\/faq\\\/\",\"name\":\"Ofte stillede sp\u00f8rgsm\u00e5l - Restaurant Gr\u00f8nnegade\",\"isPartOf\":{\"@id\":\"https:\\\/\\\/www.groennegade.dk\\\/#website\"},\"datePublished\":\"2021-05-29T12:50:58+00:00\",\"dateModified\":\"2026-04-26T14:19:04+00:00\",\"breadcrumb\":{\"@id\":\"https:\\\/\\\/www.groennegade.dk\\\/faq\\\/#breadcrumb\"},\"inLanguage\":\"en-GB\",\"potentialAction\":[{\"@type\":\"ReadAction\",\"target\":[\"https:\\\/\\\/www.groennegade.dk\\\/faq\\\/\"]}]},{\"@type\":\"BreadcrumbList\",\"@id\":\"https:\\\/\\\/www.groennegade.dk\\\/faq\\\/#breadcrumb\",\"itemListElement\":[{\"@type\":\"ListItem\",\"position\":1,\"name\":\"Hjem\",\"item\":\"https:\\\/\\\/www.groennegade.dk\\\/\"},{\"@type\":\"ListItem\",\"position\":2,\"name\":\"Ofte stillede sp\u00f8rgsm\u00e5l\"}]},{\"@type\":\"WebSite\",\"@id\":\"https:\\\/\\\/www.groennegade.dk\\\/#website\",\"url\":\"https:\\\/\\\/www.groennegade.dk\\\/\",\"name\":\"Restaurant Gr\u00f8nnegade\",\"description\":\"Velkommen til Restaurant Gr\u00f8nnegade\",\"publisher\":{\"@id\":\"https:\\\/\\\/www.groennegade.dk\\\/#organization\"},\"potentialAction\":[{\"@type\":\"SearchAction\",\"target\":{\"@type\":\"EntryPoint\",\"urlTemplate\":\"https:\\\/\\\/www.groennegade.dk\\\/?s={search_term_string}\"},\"query-input\":{\"@type\":\"PropertyValueSpecification\",\"valueRequired\":true,\"valueName\":\"search_term_string\"}}],\"inLanguage\":\"en-GB\"},{\"@type\":\"Organization\",\"@id\":\"https:\\\/\\\/www.groennegade.dk\\\/#organization\",\"name\":\"Restaurant Gr\u00f8nnegade\",\"url\":\"https:\\\/\\\/www.groennegade.dk\\\/\",\"logo\":{\"@type\":\"ImageObject\",\"inLanguage\":\"en-GB\",\"@id\":\"https:\\\/\\\/www.groennegade.dk\\\/#\\\/schema\\\/logo\\\/image\\\/\",\"url\":\"https:\\\/\\\/groennegade.dk\\\/wp-content\\\/uploads\\\/2021\\\/06\\\/logo_restaurant_groennegade.png\",\"contentUrl\":\"https:\\\/\\\/groennegade.dk\\\/wp-content\\\/uploads\\\/2021\\\/06\\\/logo_restaurant_groennegade.png\",\"width\":283,\"height\":48,\"caption\":\"Restaurant Gr\u00f8nnegade\"},\"image\":{\"@id\":\"https:\\\/\\\/www.groennegade.dk\\\/#\\\/schema\\\/logo\\\/image\\\/\"}}]}<\/script>\n<!-- \/ Yoast SEO plugin. -->","yoast_head_json":{"title":"Ofte stillede sp\u00f8rgsm\u00e5l - Restaurant Gr\u00f8nnegade","robots":{"index":"index","follow":"follow","max-snippet":"max-snippet:-1","max-image-preview":"max-image-preview:large","max-video-preview":"max-video-preview:-1"},"canonical":"https:\/\/www.groennegade.dk\/en\/faq\/","og_locale":"en_GB","og_type":"article","og_title":"Ofte stillede sp\u00f8rgsm\u00e5l - Restaurant Gr\u00f8nnegade","og_description":"F.A.Q Ofte stillede sp\u00f8rgsm\u00e5l Hvad er Restaurant Gr\u00f8nnegades b\u00f8rnepolitik? P\u00e5 Restaurant Gr\u00f8nnegade g\u00f8r vi alt for at vores g\u00e6ster skal have en dejlig rolig aften, med god mad og drikke. Derfor har vi valgt ikke at have b\u00f8rn under 16 \u00e5r p\u00e5 Restaurant Gr\u00f8nnegade. Hvad sker der hvis jeg ikke gen-bekr\u00e6fter min reservation? Vi oplever [&hellip;]","og_url":"https:\/\/www.groennegade.dk\/en\/faq\/","og_site_name":"Restaurant Gr\u00f8nnegade","article_modified_time":"2026-04-26T14:19:04+00:00","twitter_card":"summary_large_image","twitter_misc":{"Estimated reading time":"1 minute"},"schema":{"@context":"https:\/\/schema.org","@graph":[{"@type":"WebPage","@id":"https:\/\/www.groennegade.dk\/faq\/","url":"https:\/\/www.groennegade.dk\/faq\/","name":"Ofte stillede sp\u00f8rgsm\u00e5l - Restaurant Gr\u00f8nnegade","isPartOf":{"@id":"https:\/\/www.groennegade.dk\/#website"},"datePublished":"2021-05-29T12:50:58+00:00","dateModified":"2026-04-26T14:19:04+00:00","breadcrumb":{"@id":"https:\/\/www.groennegade.dk\/faq\/#breadcrumb"},"inLanguage":"en-GB","potentialAction":[{"@type":"ReadAction","target":["https:\/\/www.groennegade.dk\/faq\/"]}]},{"@type":"BreadcrumbList","@id":"https:\/\/www.groennegade.dk\/faq\/#breadcrumb","itemListElement":[{"@type":"ListItem","position":1,"name":"Hjem","item":"https:\/\/www.groennegade.dk\/"},{"@type":"ListItem","position":2,"name":"Ofte stillede sp\u00f8rgsm\u00e5l"}]},{"@type":"WebSite","@id":"https:\/\/www.groennegade.dk\/#website","url":"https:\/\/www.groennegade.dk\/","name":"Restaurant Gr\u00f8nnegade","description":"Welcome to Restaurant Gr\u00f8nnegade","publisher":{"@id":"https:\/\/www.groennegade.dk\/#organization"},"potentialAction":[{"@type":"SearchAction","target":{"@type":"EntryPoint","urlTemplate":"https:\/\/www.groennegade.dk\/?s={search_term_string}"},"query-input":{"@type":"PropertyValueSpecification","valueRequired":true,"valueName":"search_term_string"}}],"inLanguage":"en-GB"},{"@type":"Organization","@id":"https:\/\/www.groennegade.dk\/#organization","name":"Restaurant Gr\u00f8nnegade","url":"https:\/\/www.groennegade.dk\/","logo":{"@type":"ImageObject","inLanguage":"en-GB","@id":"https:\/\/www.groennegade.dk\/#\/schema\/logo\/image\/","url":"https:\/\/groennegade.dk\/wp-content\/uploads\/2021\/06\/logo_restaurant_groennegade.png","contentUrl":"https:\/\/groennegade.dk\/wp-content\/uploads\/2021\/06\/logo_restaurant_groennegade.png","width":283,"height":48,"caption":"Restaurant Gr\u00f8nnegade"},"image":{"@id":"https:\/\/www.groennegade.dk\/#\/schema\/logo\/image\/"}}]}},"_links":{"self":[{"href":"https:\/\/www.groennegade.dk\/en\/wp-json\/wp\/v2\/pages\/2391","targetHints":{"allow":["GET"]}}],"collection":[{"href":"https:\/\/www.groennegade.dk\/en\/wp-json\/wp\/v2\/pages"}],"about":[{"href":"https:\/\/www.groennegade.dk\/en\/wp-json\/wp\/v2\/types\/page"}],"author":[{"embeddable":true,"href":"https:\/\/www.groennegade.dk\/en\/wp-json\/wp\/v2\/users\/1"}],"replies":[{"embeddable":true,"href":"https:\/\/www.groennegade.dk\/en\/wp-json\/wp\/v2\/comments?post=2391"}],"version-history":[{"count":18,"href":"https:\/\/www.groennegade.dk\/en\/wp-json\/wp\/v2\/pages\/2391\/revisions"}],"predecessor-version":[{"id":7198,"href":"https:\/\/www.groennegade.dk\/en\/wp-json\/wp\/v2\/pages\/2391\/revisions\/7198"}],"wp:attachment":[{"href":"https:\/\/www.groennegade.dk\/en\/wp-json\/wp\/v2\/media?parent=2391"}],"curies":[{"name":"wp","href":"https:\/\/api.w.org\/{rel}","templated":true}]}}