{"id":2306,"date":"2021-05-28T16:57:35","date_gmt":"2021-05-28T14:57:35","guid":{"rendered":"http:\/\/groennegade.dk\/?page_id=2306"},"modified":"2026-05-10T09:14:41","modified_gmt":"2026-05-10T07:14:41","slug":"jobs","status":"publish","type":"page","link":"https:\/\/www.groennegade.dk\/en\/jobs\/","title":{"rendered":"jobs"},"content":{"rendered":"<div data-elementor-type=\"wp-page\" data-elementor-id=\"2306\" class=\"elementor elementor-2306\" data-elementor-settings=\"{&quot;ha_cmc_init_switcher&quot;:&quot;no&quot;}\" data-elementor-post-type=\"page\">\n\t\t\t\t\t\t<section class=\"elementor-section elementor-top-section elementor-element elementor-element-25751cde elementor-section-height-min-height elementor-section-boxed elementor-section-height-default elementor-section-items-middle\" data-id=\"25751cde\" data-element_type=\"section\" data-e-type=\"section\" data-settings=\"{&quot;background_background&quot;:&quot;classic&quot;,&quot;_ha_eqh_enable&quot;:false}\">\n\t\t\t\t\t\t\t<div class=\"elementor-background-overlay\"><\/div>\n\t\t\t\t\t\t\t<div class=\"elementor-container elementor-column-gap-no\">\n\t\t\t\t\t<div class=\"elementor-column elementor-col-100 elementor-top-column elementor-element elementor-element-6c8e92f\" data-id=\"6c8e92f\" data-element_type=\"column\" data-e-type=\"column\">\n\t\t\t<div class=\"elementor-widget-wrap elementor-element-populated\">\n\t\t\t\t\t\t<div class=\"elementor-element elementor-element-759aaf7a elementor-invisible elementor-widget elementor-widget-heading\" data-id=\"759aaf7a\" data-element_type=\"widget\" data-e-type=\"widget\" data-settings=\"{&quot;_animation&quot;:&quot;fadeInUp&quot;}\" data-widget_type=\"heading.default\">\n\t\t\t\t<div class=\"elementor-widget-container\">\n\t\t\t\t\t<h1 class=\"elementor-heading-title elementor-size-default\">Jobs<\/h1>\t\t\t\t<\/div>\n\t\t\t\t<\/div>\n\t\t\t\t\t<\/div>\n\t\t<\/div>\n\t\t\t\t\t<\/div>\n\t\t<\/section>\n\t\t\t\t<section class=\"elementor-section elementor-top-section elementor-element elementor-element-5f02a058 elementor-section-boxed elementor-section-height-default elementor-section-height-default\" data-id=\"5f02a058\" data-element_type=\"section\" data-e-type=\"section\" data-settings=\"{&quot;background_background&quot;:&quot;classic&quot;,&quot;_ha_eqh_enable&quot;:false}\">\n\t\t\t\t\t\t<div class=\"elementor-container elementor-column-gap-no\">\n\t\t\t\t\t<div class=\"elementor-column elementor-col-33 elementor-top-column elementor-element elementor-element-105bfa20 elementor-invisible\" data-id=\"105bfa20\" data-element_type=\"column\" data-e-type=\"column\" data-settings=\"{&quot;animation&quot;:&quot;fadeIn&quot;}\">\n\t\t\t<div class=\"elementor-widget-wrap elementor-element-populated\">\n\t\t\t\t\t\t<div class=\"elementor-element elementor-element-34517956 elementor-widget elementor-widget-elementskit-team\" data-id=\"34517956\" data-element_type=\"widget\" data-e-type=\"widget\" data-widget_type=\"elementskit-team.default\">\n\t\t\t\t<div class=\"elementor-widget-container\">\n\t\t\t\t\t<div class=\"ekit-wid-con\">\n\t\t\t\t\t\t\t\t\t\t\t\t\t\t\t\t\t\t\t\t\t\t\t\t<div class=\"profile-image-card elementor-animation- ekit-team-img ekit-team-style-overlay text-center\">\n\n\t\t\t\t\t\t\t\t\t\t\t\t\t<img decoding=\"async\" src=\"https:\/\/www.groennegade.dk\/wp-content\/uploads\/elementor\/thumbs\/image0-1-quou4ppp2l7u02j6c3rghbioki3g9y5brnchuae2rs.jpeg\" title=\"image0 (1)\" alt=\"image0 (1)\" loading=\"lazy\" \/>\t\t\t\t\t\t\t\t\t\t\t\t<div class=\"hover-area\">\n\t\t\t\t\t\t\t<div class=\"profile-body\">\n\t\t\t\t\t\t\t\t<h2 class=\"profile-title\">\n\t\t\t\t\t\t\t\t\t\t\t\t\t\t\t\t\t\t\t\t\t\t\t\t\t\t\t\t\t\t\t\t\t<\/h2>\n\t\t\t\t\t\t\t\t<p class=\"profile-designation\"><\/p>\n\t\t\t\t\t\t\t\t\t\t\t\t\t\t\t<\/div>\n\t\t\t\t\t\t\t\t\t\t\t\t\t\t\t<div class=\"profile-footer\">\n\t\t\t\t\t\t\t\t\t<ul class=\"ekit-team-social-list\">\n\t\t\t<li class=\"elementor-repeater-item-94f32fc\">\n\t\t\t<a href=\"https:\/\/www.facebook.com\/pages\/Restaurant-Gr%C3%B8nnegade\/141600675895449\" target=\"_blank\" aria-label=\"Facebook\">\n\t\t\t\t<i aria-hidden=\"true\" class=\"icon icon-facebook\"><\/i>\t\t\t<\/a>\n\t\t<\/li>\n\t\t\t<li class=\"elementor-repeater-item-2ba3ed6\">\n\t\t\t<a href=\"https:\/\/instagram.com\/Restaurant_Groennegade\" target=\"_blank\" aria-label=\"Instagram\">\n\t\t\t\t<i aria-hidden=\"true\" class=\"fab fa-instagram\"><\/i>\t\t\t<\/a>\n\t\t<\/li>\n\t<\/ul>\n\t\t\t\t\t\t\t\t<\/div>\n\t\t\t\t\t\t\t\t\t\t\t\t\t<\/div>\n\t\t\t\t\t<\/div>\n\t\t\t\t\t\n\t\t\t\t\n\t\t\t\t<\/div>\t\t\t\t<\/div>\n\t\t\t\t<\/div>\n\t\t\t\t\t<\/div>\n\t\t<\/div>\n\t\t\t\t<div class=\"elementor-column elementor-col-33 elementor-top-column elementor-element elementor-element-743ffc62\" data-id=\"743ffc62\" data-element_type=\"column\" data-e-type=\"column\">\n\t\t\t<div class=\"elementor-widget-wrap\">\n\t\t\t\t\t\t\t<\/div>\n\t\t<\/div>\n\t\t\t\t<div class=\"elementor-column elementor-col-33 elementor-top-column elementor-element elementor-element-cee7b57 elementor-invisible\" data-id=\"cee7b57\" data-element_type=\"column\" data-e-type=\"column\" data-settings=\"{&quot;animation&quot;:&quot;fadeInRight&quot;,&quot;animation_delay&quot;:200}\">\n\t\t\t<div class=\"elementor-widget-wrap elementor-element-populated\">\n\t\t\t\t\t\t<div class=\"elementor-element elementor-element-1c5a32fe elementor-widget elementor-widget-heading\" data-id=\"1c5a32fe\" data-element_type=\"widget\" data-e-type=\"widget\" data-widget_type=\"heading.default\">\n\t\t\t\t<div class=\"elementor-widget-container\">\n\t\t\t\t\t<h4 class=\"elementor-heading-title elementor-size-default\">Restaurant Gr\u00f8nnegade is looking for:<\/h4>\t\t\t\t<\/div>\n\t\t\t\t<\/div>\n\t\t\t\t<div class=\"elementor-element elementor-element-4152107c elementor-widget elementor-widget-text-editor\" data-id=\"4152107c\" data-element_type=\"widget\" data-e-type=\"widget\" data-widget_type=\"text-editor.default\">\n\t\t\t\t<div class=\"elementor-widget-container\">\n\t\t\t\t\t\t\t\t\t<p>Skilled chef with journeyman&#039;s certificate<\/p>\t\t\t\t\t\t\t\t<\/div>\n\t\t\t\t<\/div>\n\t\t\t\t<div class=\"elementor-element elementor-element-65f42284 elementor-widget elementor-widget-text-editor\" data-id=\"65f42284\" data-element_type=\"widget\" data-e-type=\"widget\" data-widget_type=\"text-editor.default\">\n\t\t\t\t<div class=\"elementor-widget-container\">\n\t\t\t\t\t\t\t\t\t<p>We offer:<\/p><ul><li>3 days off per. week.<\/li><li>Free every Sunday.<\/li><li>Weekend free every other week.<\/li><li>Good salary<\/li><li>Super good working conditions.<\/li><li>M\u00f8detid kl. 12:00 til 22:30<\/li><li>og kl 08:00 til 17:00<\/li><\/ul><p>Vi s\u00f8ger<\/p><p>We hope you have experience with small gourmet restaurants - knowledge of gourmet food, have an overview and love to give guests a good experience, must be able to speak and understand Danish.<\/p>\t\t\t\t\t\t\t\t<\/div>\n\t\t\t\t<\/div>\n\t\t\t\t<div class=\"elementor-element elementor-element-66803449 elementor-widget elementor-widget-text-editor\" data-id=\"66803449\" data-element_type=\"widget\" data-e-type=\"widget\" data-widget_type=\"text-editor.default\">\n\t\t\t\t<div class=\"elementor-widget-container\">\n\t\t\t\t\t\t\t\t\t<p>Please send application &amp; CV to:<\/p><p><a href=\"mailto:info@groennegade.dk\">info@groennegade.dk<\/a><\/p>\t\t\t\t\t\t\t\t<\/div>\n\t\t\t\t<\/div>\n\t\t\t\t\t<\/div>\n\t\t<\/div>\n\t\t\t\t\t<\/div>\n\t\t<\/section>\n\t\t\t\t<section class=\"elementor-section elementor-top-section elementor-element elementor-element-647a0174 elementor-section-height-min-height elementor-section-boxed elementor-section-height-default elementor-section-items-middle\" data-id=\"647a0174\" data-element_type=\"section\" data-e-type=\"section\" data-settings=\"{&quot;background_background&quot;:&quot;classic&quot;,&quot;_ha_eqh_enable&quot;:false}\">\n\t\t\t\t\t\t\t<div class=\"elementor-background-overlay\"><\/div>\n\t\t\t\t\t\t\t<div class=\"elementor-container elementor-column-gap-default\">\n\t\t\t\t\t<div class=\"elementor-column elementor-col-100 elementor-top-column elementor-element elementor-element-5239a93b\" data-id=\"5239a93b\" data-element_type=\"column\" data-e-type=\"column\">\n\t\t\t<div class=\"elementor-widget-wrap elementor-element-populated\">\n\t\t\t\t\t\t<div class=\"elementor-element elementor-element-3383d352 elementor-invisible elementor-widget elementor-widget-heading\" data-id=\"3383d352\" data-element_type=\"widget\" data-e-type=\"widget\" data-settings=\"{&quot;_animation&quot;:&quot;fadeInUp&quot;}\" data-widget_type=\"heading.default\">\n\t\t\t\t<div class=\"elementor-widget-container\">\n\t\t\t\t\t<h2 class=\"elementor-heading-title elementor-size-default\">Visit Us at Restaurant Gr\u00f8nnegade<\/h2>\t\t\t\t<\/div>\n\t\t\t\t<\/div>\n\t\t\t\t<div class=\"elementor-element elementor-element-64313ded elementor-invisible elementor-widget elementor-widget-text-editor\" data-id=\"64313ded\" data-element_type=\"widget\" data-e-type=\"widget\" data-settings=\"{&quot;_animation&quot;:&quot;fadeInUp&quot;,&quot;_animation_delay&quot;:200}\" data-widget_type=\"text-editor.default\">\n\t\t\t\t<div class=\"elementor-widget-container\">\n\t\t\t\t\t\t\t\t\t<div class=\"elementor-element elementor-element-59025b92 elementor-widget elementor-widget-text-editor animated fadeInUp\" data-id=\"59025b92\" data-element_type=\"widget\" data-settings=\"{&quot;_animation&quot;:&quot;fadeInUp&quot;,&quot;_animation_delay&quot;:200}\" data-widget_type=\"text-editor.default\"><div class=\"elementor-widget-container\"><p>We look forward to seeing you for a fantastic evening - please book well in advance<\/p><\/div><\/div>\t\t\t\t\t\t\t\t<\/div>\n\t\t\t\t<\/div>\n\t\t\t\t<div class=\"elementor-element elementor-element-6599e6fa elementor-align-center elementor-mobile-align-center elementor-invisible elementor-widget elementor-widget-button\" data-id=\"6599e6fa\" data-element_type=\"widget\" data-e-type=\"widget\" data-settings=\"{&quot;_animation&quot;:&quot;fadeInUp&quot;,&quot;_animation_delay&quot;:400}\" data-widget_type=\"button.default\">\n\t\t\t\t<div class=\"elementor-widget-container\">\n\t\t\t\t\t\t\t\t\t<div class=\"elementor-button-wrapper\">\n\t\t\t\t\t<a class=\"elementor-button elementor-button-link elementor-size-sm elementor-animation-grow\" href=\"https:\/\/book.easytable.com\/book\/?id=a43b6&#038;lang=auto\" target=\"_blank\">\n\t\t\t\t\t\t<span class=\"elementor-button-content-wrapper\">\n\t\t\t\t\t\t\t\t\t<span class=\"elementor-button-text\">Reserve a table<\/span>\n\t\t\t\t\t<\/span>\n\t\t\t\t\t<\/a>\n\t\t\t\t<\/div>\n\t\t\t\t\t\t\t\t<\/div>\n\t\t\t\t<\/div>\n\t\t\t\t\t<\/div>\n\t\t<\/div>\n\t\t\t\t\t<\/div>\n\t\t<\/section>\n\t\t\t\t<\/div>","protected":false},"excerpt":{"rendered":"<p>Jobs Restaurant Gr\u00f8nnegade s\u00f8ger: Dygtig kok med svendebrev Vi tilbyder: 3 fridage pr. uge. Fri hver s\u00f8ndag. Weekendfri hver anden uge. God l\u00f8n Super gode arbejdsforhold. M\u00f8detid kl. 12:00 til 22:30 og kl 08:00 til 17:00 Vi s\u00f8ger Vi h\u00e5ber du har erfaring med sm\u00e5 gourmet restauranter- kendskab til gourmetmad, har overblik og elsker at [&hellip;]<\/p>\n","protected":false},"author":1,"featured_media":0,"parent":0,"menu_order":0,"comment_status":"closed","ping_status":"closed","template":"elementor_canvas","meta":{"inline_featured_image":false,"footnotes":""},"class_list":["post-2306","page","type-page","status-publish","hentry"],"yoast_head":"<!-- This site is optimized with the Yoast SEO plugin v27.5 - https:\/\/yoast.com\/product\/yoast-seo-wordpress\/ -->\n<title>Kok s\u00f8ges Restaurant Gr\u00f8nnegade K\u00f8benhavn<\/title>\n<meta name=\"description\" content=\"Restaurant Gr\u00f8nnegade s\u00f8ger kok til vores restaurant i hjertet af K\u00f8benhavn. Se ledige stillinger og bliv en del af et passioneret team med fokus p\u00e5 gastronomi, vin og service i h\u00f8j kvalitet.\" \/>\n<meta name=\"robots\" content=\"index, follow, max-snippet:-1, max-image-preview:large, max-video-preview:-1\" \/>\n<link rel=\"canonical\" href=\"https:\/\/www.groennegade.dk\/en\/jobs\/\" \/>\n<meta property=\"og:locale\" content=\"en_GB\" \/>\n<meta property=\"og:type\" content=\"article\" \/>\n<meta property=\"og:title\" content=\"Kok s\u00f8ges Restaurant Gr\u00f8nnegade K\u00f8benhavn\" \/>\n<meta property=\"og:description\" content=\"Restaurant Gr\u00f8nnegade s\u00f8ger kok til vores restaurant i hjertet af K\u00f8benhavn. Se ledige stillinger og bliv en del af et passioneret team med fokus p\u00e5 gastronomi, vin og service i h\u00f8j kvalitet.\" \/>\n<meta property=\"og:url\" content=\"https:\/\/www.groennegade.dk\/en\/jobs\/\" \/>\n<meta property=\"og:site_name\" content=\"Restaurant Gr\u00f8nnegade\" \/>\n<meta property=\"article:modified_time\" content=\"2026-05-10T07:14:41+00:00\" \/>\n<meta property=\"og:image\" content=\"https:\/\/www.groennegade.dk\/wp-content\/uploads\/elementor\/thumbs\/image0-1-quou4ppp2l7u02j6c3rghbioki3g9y5brnchuae2rs.jpeg\" \/>\n<meta name=\"twitter:card\" content=\"summary_large_image\" \/>\n<meta name=\"twitter:label1\" content=\"Estimated reading time\" \/>\n\t<meta name=\"twitter:data1\" content=\"2 minutes\" \/>\n<script type=\"application\/ld+json\" class=\"yoast-schema-graph\">{\"@context\":\"https:\\\/\\\/schema.org\",\"@graph\":[{\"@type\":\"WebPage\",\"@id\":\"https:\\\/\\\/www.groennegade.dk\\\/jobs\\\/\",\"url\":\"https:\\\/\\\/www.groennegade.dk\\\/jobs\\\/\",\"name\":\"Kok s\u00f8ges Restaurant Gr\u00f8nnegade K\u00f8benhavn\",\"isPartOf\":{\"@id\":\"https:\\\/\\\/www.groennegade.dk\\\/#website\"},\"primaryImageOfPage\":{\"@id\":\"https:\\\/\\\/www.groennegade.dk\\\/jobs\\\/#primaryimage\"},\"image\":{\"@id\":\"https:\\\/\\\/www.groennegade.dk\\\/jobs\\\/#primaryimage\"},\"thumbnailUrl\":\"https:\\\/\\\/www.groennegade.dk\\\/wp-content\\\/uploads\\\/elementor\\\/thumbs\\\/image0-1-quou4ppp2l7u02j6c3rghbioki3g9y5brnchuae2rs.jpeg\",\"datePublished\":\"2021-05-28T14:57:35+00:00\",\"dateModified\":\"2026-05-10T07:14:41+00:00\",\"description\":\"Restaurant Gr\u00f8nnegade s\u00f8ger kok til vores restaurant i hjertet af K\u00f8benhavn. Se ledige stillinger og bliv en del af et passioneret team med fokus p\u00e5 gastronomi, vin og service i h\u00f8j kvalitet.\",\"breadcrumb\":{\"@id\":\"https:\\\/\\\/www.groennegade.dk\\\/jobs\\\/#breadcrumb\"},\"inLanguage\":\"en-GB\",\"potentialAction\":[{\"@type\":\"ReadAction\",\"target\":[\"https:\\\/\\\/www.groennegade.dk\\\/jobs\\\/\"]}]},{\"@type\":\"ImageObject\",\"inLanguage\":\"en-GB\",\"@id\":\"https:\\\/\\\/www.groennegade.dk\\\/jobs\\\/#primaryimage\",\"url\":\"https:\\\/\\\/www.groennegade.dk\\\/wp-content\\\/uploads\\\/elementor\\\/thumbs\\\/image0-1-quou4ppp2l7u02j6c3rghbioki3g9y5brnchuae2rs.jpeg\",\"contentUrl\":\"https:\\\/\\\/www.groennegade.dk\\\/wp-content\\\/uploads\\\/elementor\\\/thumbs\\\/image0-1-quou4ppp2l7u02j6c3rghbioki3g9y5brnchuae2rs.jpeg\"},{\"@type\":\"BreadcrumbList\",\"@id\":\"https:\\\/\\\/www.groennegade.dk\\\/jobs\\\/#breadcrumb\",\"itemListElement\":[{\"@type\":\"ListItem\",\"position\":1,\"name\":\"Hjem\",\"item\":\"https:\\\/\\\/www.groennegade.dk\\\/\"},{\"@type\":\"ListItem\",\"position\":2,\"name\":\"jobs\"}]},{\"@type\":\"WebSite\",\"@id\":\"https:\\\/\\\/www.groennegade.dk\\\/#website\",\"url\":\"https:\\\/\\\/www.groennegade.dk\\\/\",\"name\":\"Restaurant Gr\u00f8nnegade\",\"description\":\"Velkommen til Restaurant Gr\u00f8nnegade\",\"publisher\":{\"@id\":\"https:\\\/\\\/www.groennegade.dk\\\/#organization\"},\"potentialAction\":[{\"@type\":\"SearchAction\",\"target\":{\"@type\":\"EntryPoint\",\"urlTemplate\":\"https:\\\/\\\/www.groennegade.dk\\\/?s={search_term_string}\"},\"query-input\":{\"@type\":\"PropertyValueSpecification\",\"valueRequired\":true,\"valueName\":\"search_term_string\"}}],\"inLanguage\":\"en-GB\"},{\"@type\":\"Organization\",\"@id\":\"https:\\\/\\\/www.groennegade.dk\\\/#organization\",\"name\":\"Restaurant Gr\u00f8nnegade\",\"url\":\"https:\\\/\\\/www.groennegade.dk\\\/\",\"logo\":{\"@type\":\"ImageObject\",\"inLanguage\":\"en-GB\",\"@id\":\"https:\\\/\\\/www.groennegade.dk\\\/#\\\/schema\\\/logo\\\/image\\\/\",\"url\":\"https:\\\/\\\/groennegade.dk\\\/wp-content\\\/uploads\\\/2021\\\/06\\\/logo_restaurant_groennegade.png\",\"contentUrl\":\"https:\\\/\\\/groennegade.dk\\\/wp-content\\\/uploads\\\/2021\\\/06\\\/logo_restaurant_groennegade.png\",\"width\":283,\"height\":48,\"caption\":\"Restaurant Gr\u00f8nnegade\"},\"image\":{\"@id\":\"https:\\\/\\\/www.groennegade.dk\\\/#\\\/schema\\\/logo\\\/image\\\/\"}}]}<\/script>\n<!-- \/ Yoast SEO plugin. -->","yoast_head_json":{"title":"Kok s\u00f8ges Restaurant Gr\u00f8nnegade K\u00f8benhavn","description":"Restaurant Gr\u00f8nnegade s\u00f8ger kok til vores restaurant i hjertet af K\u00f8benhavn. Se ledige stillinger og bliv en del af et passioneret team med fokus p\u00e5 gastronomi, vin og service i h\u00f8j kvalitet.","robots":{"index":"index","follow":"follow","max-snippet":"max-snippet:-1","max-image-preview":"max-image-preview:large","max-video-preview":"max-video-preview:-1"},"canonical":"https:\/\/www.groennegade.dk\/en\/jobs\/","og_locale":"en_GB","og_type":"article","og_title":"Kok s\u00f8ges Restaurant Gr\u00f8nnegade K\u00f8benhavn","og_description":"Restaurant Gr\u00f8nnegade s\u00f8ger kok til vores restaurant i hjertet af K\u00f8benhavn. Se ledige stillinger og bliv en del af et passioneret team med fokus p\u00e5 gastronomi, vin og service i h\u00f8j kvalitet.","og_url":"https:\/\/www.groennegade.dk\/en\/jobs\/","og_site_name":"Restaurant Gr\u00f8nnegade","article_modified_time":"2026-05-10T07:14:41+00:00","og_image":[{"url":"https:\/\/www.groennegade.dk\/wp-content\/uploads\/elementor\/thumbs\/image0-1-quou4ppp2l7u02j6c3rghbioki3g9y5brnchuae2rs.jpeg","type":"","width":"","height":""}],"twitter_card":"summary_large_image","twitter_misc":{"Estimated reading time":"2 minutes"},"schema":{"@context":"https:\/\/schema.org","@graph":[{"@type":"WebPage","@id":"https:\/\/www.groennegade.dk\/jobs\/","url":"https:\/\/www.groennegade.dk\/jobs\/","name":"Kok s\u00f8ges Restaurant Gr\u00f8nnegade K\u00f8benhavn","isPartOf":{"@id":"https:\/\/www.groennegade.dk\/#website"},"primaryImageOfPage":{"@id":"https:\/\/www.groennegade.dk\/jobs\/#primaryimage"},"image":{"@id":"https:\/\/www.groennegade.dk\/jobs\/#primaryimage"},"thumbnailUrl":"https:\/\/www.groennegade.dk\/wp-content\/uploads\/elementor\/thumbs\/image0-1-quou4ppp2l7u02j6c3rghbioki3g9y5brnchuae2rs.jpeg","datePublished":"2021-05-28T14:57:35+00:00","dateModified":"2026-05-10T07:14:41+00:00","description":"Restaurant Gr\u00f8nnegade s\u00f8ger kok til vores restaurant i hjertet af K\u00f8benhavn. Se ledige stillinger og bliv en del af et passioneret team med fokus p\u00e5 gastronomi, vin og service i h\u00f8j kvalitet.","breadcrumb":{"@id":"https:\/\/www.groennegade.dk\/jobs\/#breadcrumb"},"inLanguage":"en-GB","potentialAction":[{"@type":"ReadAction","target":["https:\/\/www.groennegade.dk\/jobs\/"]}]},{"@type":"ImageObject","inLanguage":"en-GB","@id":"https:\/\/www.groennegade.dk\/jobs\/#primaryimage","url":"https:\/\/www.groennegade.dk\/wp-content\/uploads\/elementor\/thumbs\/image0-1-quou4ppp2l7u02j6c3rghbioki3g9y5brnchuae2rs.jpeg","contentUrl":"https:\/\/www.groennegade.dk\/wp-content\/uploads\/elementor\/thumbs\/image0-1-quou4ppp2l7u02j6c3rghbioki3g9y5brnchuae2rs.jpeg"},{"@type":"BreadcrumbList","@id":"https:\/\/www.groennegade.dk\/jobs\/#breadcrumb","itemListElement":[{"@type":"ListItem","position":1,"name":"Hjem","item":"https:\/\/www.groennegade.dk\/"},{"@type":"ListItem","position":2,"name":"jobs"}]},{"@type":"WebSite","@id":"https:\/\/www.groennegade.dk\/#website","url":"https:\/\/www.groennegade.dk\/","name":"Restaurant Gr\u00f8nnegade","description":"Welcome to Restaurant Gr\u00f8nnegade","publisher":{"@id":"https:\/\/www.groennegade.dk\/#organization"},"potentialAction":[{"@type":"SearchAction","target":{"@type":"EntryPoint","urlTemplate":"https:\/\/www.groennegade.dk\/?s={search_term_string}"},"query-input":{"@type":"PropertyValueSpecification","valueRequired":true,"valueName":"search_term_string"}}],"inLanguage":"en-GB"},{"@type":"Organization","@id":"https:\/\/www.groennegade.dk\/#organization","name":"Restaurant Gr\u00f8nnegade","url":"https:\/\/www.groennegade.dk\/","logo":{"@type":"ImageObject","inLanguage":"en-GB","@id":"https:\/\/www.groennegade.dk\/#\/schema\/logo\/image\/","url":"https:\/\/groennegade.dk\/wp-content\/uploads\/2021\/06\/logo_restaurant_groennegade.png","contentUrl":"https:\/\/groennegade.dk\/wp-content\/uploads\/2021\/06\/logo_restaurant_groennegade.png","width":283,"height":48,"caption":"Restaurant Gr\u00f8nnegade"},"image":{"@id":"https:\/\/www.groennegade.dk\/#\/schema\/logo\/image\/"}}]}},"_links":{"self":[{"href":"https:\/\/www.groennegade.dk\/en\/wp-json\/wp\/v2\/pages\/2306","targetHints":{"allow":["GET"]}}],"collection":[{"href":"https:\/\/www.groennegade.dk\/en\/wp-json\/wp\/v2\/pages"}],"about":[{"href":"https:\/\/www.groennegade.dk\/en\/wp-json\/wp\/v2\/types\/page"}],"author":[{"embeddable":true,"href":"https:\/\/www.groennegade.dk\/en\/wp-json\/wp\/v2\/users\/1"}],"replies":[{"embeddable":true,"href":"https:\/\/www.groennegade.dk\/en\/wp-json\/wp\/v2\/comments?post=2306"}],"version-history":[{"count":24,"href":"https:\/\/www.groennegade.dk\/en\/wp-json\/wp\/v2\/pages\/2306\/revisions"}],"predecessor-version":[{"id":7773,"href":"https:\/\/www.groennegade.dk\/en\/wp-json\/wp\/v2\/pages\/2306\/revisions\/7773"}],"wp:attachment":[{"href":"https:\/\/www.groennegade.dk\/en\/wp-json\/wp\/v2\/media?parent=2306"}],"curies":[{"name":"wp","href":"https:\/\/api.w.org\/{rel}","templated":true}]}}