{"id":2223,"date":"2021-05-27T14:40:30","date_gmt":"2021-05-27T12:40:30","guid":{"rendered":"http:\/\/groennegade.dk\/?page_id=2223"},"modified":"2026-04-17T15:55:46","modified_gmt":"2026-04-17T13:55:46","slug":"gavekort","status":"publish","type":"page","link":"https:\/\/www.groennegade.dk\/en\/gavekort\/","title":{"rendered":"Gift card"},"content":{"rendered":"\t\t<div data-elementor-type=\"wp-page\" data-elementor-id=\"2223\" class=\"elementor elementor-2223\" data-elementor-settings=\"{&quot;ha_cmc_init_switcher&quot;:&quot;no&quot;}\">\n\t\t\t\t\t\t<section class=\"elementor-section elementor-top-section elementor-element elementor-element-226b9c30 elementor-section-height-min-height elementor-section-boxed elementor-section-height-default elementor-section-items-middle\" data-id=\"226b9c30\" data-element_type=\"section\" data-e-type=\"section\" data-settings=\"{&quot;background_background&quot;:&quot;classic&quot;,&quot;_ha_eqh_enable&quot;:false}\">\n\t\t\t\t\t\t\t<div class=\"elementor-background-overlay\"><\/div>\n\t\t\t\t\t\t\t<div class=\"elementor-container elementor-column-gap-no\">\n\t\t\t\t\t<div class=\"elementor-column elementor-col-100 elementor-top-column elementor-element elementor-element-74cac6d5\" data-id=\"74cac6d5\" data-element_type=\"column\" data-e-type=\"column\">\n\t\t\t<div class=\"elementor-widget-wrap elementor-element-populated\">\n\t\t\t\t\t\t<div class=\"elementor-element elementor-element-156732e2 elementor-invisible elementor-widget elementor-widget-heading\" data-id=\"156732e2\" data-element_type=\"widget\" data-e-type=\"widget\" data-settings=\"{&quot;_animation&quot;:&quot;fadeInUp&quot;}\" data-widget_type=\"heading.default\">\n\t\t\t\t<div class=\"elementor-widget-container\">\n\t\t\t\t\t<h1 class=\"elementor-heading-title elementor-size-default\">Gavekort<\/h1>\t\t\t\t<\/div>\n\t\t\t\t<\/div>\n\t\t\t\t\t<\/div>\n\t\t<\/div>\n\t\t\t\t\t<\/div>\n\t\t<\/section>\n\t\t\t\t<section class=\"elementor-section elementor-top-section elementor-element elementor-element-6d51654b elementor-section-height-min-height elementor-section-full_width elementor-section-height-default elementor-section-items-middle\" data-id=\"6d51654b\" data-element_type=\"section\" data-e-type=\"section\" data-settings=\"{&quot;background_background&quot;:&quot;classic&quot;,&quot;_ha_eqh_enable&quot;:false}\">\n\t\t\t\t\t\t<div class=\"elementor-container elementor-column-gap-default\">\n\t\t\t\t\t<div class=\"elementor-column elementor-col-100 elementor-top-column elementor-element elementor-element-4ace3ef1\" data-id=\"4ace3ef1\" data-element_type=\"column\" data-e-type=\"column\" data-settings=\"{&quot;background_background&quot;:&quot;classic&quot;}\">\n\t\t\t<div class=\"elementor-widget-wrap elementor-element-populated\">\n\t\t\t\t\t\t<div class=\"elementor-element elementor-element-db8bccd elementor-invisible elementor-widget elementor-widget-heading\" data-id=\"db8bccd\" data-element_type=\"widget\" data-e-type=\"widget\" data-settings=\"{&quot;_animation&quot;:&quot;fadeIn&quot;}\" data-widget_type=\"heading.default\">\n\t\t\t\t<div class=\"elementor-widget-container\">\n\t\t\t\t\t<h2 class=\"elementor-heading-title elementor-size-default\">K\u00f8b et gavekort til en herlig aften p\u00e5 Restaurant Gr\u00f8nnegade<\/h2>\t\t\t\t<\/div>\n\t\t\t\t<\/div>\n\t\t\t\t<div class=\"elementor-element elementor-element-5f856e50 elementor-invisible elementor-widget elementor-widget-text-editor\" data-id=\"5f856e50\" data-element_type=\"widget\" data-e-type=\"widget\" data-settings=\"{&quot;_animation&quot;:&quot;fadeIn&quot;,&quot;_animation_delay&quot;:200}\" data-widget_type=\"text-editor.default\">\n\t\t\t\t<div class=\"elementor-widget-container\">\n\t\t\t\t\t\t\t\t\t<p>Det er nemt at k\u00f8be et gavekort til Restaurant Gr\u00f8nnegade &#8211; blot indtast bel\u00f8bet du \u00f8nsker gavekortet skal lyde p\u00e5.\u00a0<\/p><p>Gavekortet er forsynet med et stregkode, der sikrer mod misbrug.<\/p><p>Kortet kan sendes til dig selv eller direkte til modtageren p\u00e5 e-mail.<\/p>\t\t\t\t\t\t\t\t<\/div>\n\t\t\t\t<\/div>\n\t\t\t\t<div class=\"elementor-element elementor-element-1948aed elementor-widget elementor-widget-shortcode\" data-id=\"1948aed\" data-element_type=\"widget\" data-e-type=\"widget\" data-widget_type=\"shortcode.default\">\n\t\t\t\t<div class=\"elementor-widget-container\">\n\t\t\t\t\t\t\t<div class=\"elementor-shortcode\"><div class=\"gift-up-target\" \r\n            data-site-id=\"3aaeb38a-a6f0-44a9-9cdb-e10b09fda704\" \r\n            data-domain=\"\"\r\n            data-product-id=\"\"\r\n            data-group-id=\"\"\r\n            data-payment-methods=\"\"\r\n            data-language=\"\"\r\n            data-purchaser-name=\"\"\r\n            data-purchaser-email=\"\"\r\n            data-recipient-name=\"\"\r\n            data-recipient-email=\"\"\r\n            data-step=\"\"\r\n            data-who-for=\"\"\r\n            data-promo-code=\"\"\r\n            data-hide-artwork=\"\"\r\n            data-hide-groups=\"\"\r\n            data-hide-ungrouped-items=\"\"\r\n            data-hide-custom-value=\"\"\r\n            data-custom-value-amount=\"\"\r\n            data-referrer=\"\"\r\n            data-platform=\"Wordpress\"\r\n        ><\/div>\r\n        <script type=\"text\/javascript\">\r\n        (function (g, i, f, t, u, p, s) {\r\n            g[u] = g[u] || function() { (g[u].q = g[u].q || []).push(arguments) };\r\n            p = i.createElement(f);\r\n            p.async = 1;\r\n            p.src = t;\r\n            s = i.getElementsByTagName(f)[0];\r\n            s.parentNode.insertBefore(p, s);\r\n        })(window, document, 'script', 'https:\/\/cdn.giftup.app\/dist\/gift-up.js', 'giftup');\r\n        <\/script><\/div>\n\t\t\t\t\t\t<\/div>\n\t\t\t\t<\/div>\n\t\t\t\t\t<\/div>\n\t\t<\/div>\n\t\t\t\t\t<\/div>\n\t\t<\/section>\n\t\t\t\t<\/div>\n\t\t","protected":false},"excerpt":{"rendered":"<p>Gavekort K\u00f8b et gavekort til en herlig aften p\u00e5 Restaurant Gr\u00f8nnegade Det er nemt at k\u00f8be et gavekort til Restaurant Gr\u00f8nnegade &#8211; blot indtast bel\u00f8bet du \u00f8nsker gavekortet skal lyde p\u00e5.\u00a0 Gavekortet er forsynet med et stregkode, der sikrer mod misbrug. Kortet kan sendes til dig selv eller direkte til modtageren p\u00e5 e-mail.<\/p>","protected":false},"author":1,"featured_media":0,"parent":0,"menu_order":0,"comment_status":"closed","ping_status":"closed","template":"elementor_canvas","meta":{"inline_featured_image":false,"footnotes":""},"class_list":["post-2223","page","type-page","status-publish","hentry"],"yoast_head":"<!-- This site is optimized with the Yoast SEO plugin v27.4 - https:\/\/yoast.com\/product\/yoast-seo-wordpress\/ -->\n<title>Gavekort - Restaurant Gr\u00f8nnegade<\/title>\n<meta name=\"robots\" content=\"index, follow, max-snippet:-1, max-image-preview:large, max-video-preview:-1\" \/>\n<link rel=\"canonical\" href=\"https:\/\/www.groennegade.dk\/en\/gavekort\/\" \/>\n<meta property=\"og:locale\" content=\"en_GB\" \/>\n<meta property=\"og:type\" content=\"article\" \/>\n<meta property=\"og:title\" content=\"Gavekort - Restaurant Gr\u00f8nnegade\" \/>\n<meta property=\"og:description\" content=\"Gavekort K\u00f8b et gavekort til en herlig aften p\u00e5 Restaurant Gr\u00f8nnegade Det er nemt at k\u00f8be et gavekort til Restaurant Gr\u00f8nnegade &#8211; blot indtast bel\u00f8bet du \u00f8nsker gavekortet skal lyde p\u00e5.\u00a0 Gavekortet er forsynet med et stregkode, der sikrer mod misbrug. Kortet kan sendes til dig selv eller direkte til modtageren p\u00e5 e-mail.\" \/>\n<meta property=\"og:url\" content=\"https:\/\/www.groennegade.dk\/en\/gavekort\/\" \/>\n<meta property=\"og:site_name\" content=\"Restaurant Gr\u00f8nnegade\" \/>\n<meta property=\"article:modified_time\" content=\"2026-04-17T13:55:46+00:00\" \/>\n<meta name=\"twitter:card\" content=\"summary_large_image\" \/>\n<meta name=\"twitter:label1\" content=\"Estimated reading time\" \/>\n\t<meta name=\"twitter:data1\" content=\"1 minute\" \/>\n<script type=\"application\/ld+json\" class=\"yoast-schema-graph\">{\"@context\":\"https:\\\/\\\/schema.org\",\"@graph\":[{\"@type\":\"WebPage\",\"@id\":\"https:\\\/\\\/www.groennegade.dk\\\/gavekort\\\/\",\"url\":\"https:\\\/\\\/www.groennegade.dk\\\/gavekort\\\/\",\"name\":\"Gavekort - Restaurant Gr\u00f8nnegade\",\"isPartOf\":{\"@id\":\"https:\\\/\\\/www.groennegade.dk\\\/#website\"},\"datePublished\":\"2021-05-27T12:40:30+00:00\",\"dateModified\":\"2026-04-17T13:55:46+00:00\",\"breadcrumb\":{\"@id\":\"https:\\\/\\\/www.groennegade.dk\\\/gavekort\\\/#breadcrumb\"},\"inLanguage\":\"en-GB\",\"potentialAction\":[{\"@type\":\"ReadAction\",\"target\":[\"https:\\\/\\\/www.groennegade.dk\\\/gavekort\\\/\"]}]},{\"@type\":\"BreadcrumbList\",\"@id\":\"https:\\\/\\\/www.groennegade.dk\\\/gavekort\\\/#breadcrumb\",\"itemListElement\":[{\"@type\":\"ListItem\",\"position\":1,\"name\":\"Hjem\",\"item\":\"https:\\\/\\\/www.groennegade.dk\\\/\"},{\"@type\":\"ListItem\",\"position\":2,\"name\":\"Gavekort\"}]},{\"@type\":\"WebSite\",\"@id\":\"https:\\\/\\\/www.groennegade.dk\\\/#website\",\"url\":\"https:\\\/\\\/www.groennegade.dk\\\/\",\"name\":\"Restaurant Gr\u00f8nnegade\",\"description\":\"Velkommen til Restaurant Gr\u00f8nnegade\",\"publisher\":{\"@id\":\"https:\\\/\\\/www.groennegade.dk\\\/#organization\"},\"potentialAction\":[{\"@type\":\"SearchAction\",\"target\":{\"@type\":\"EntryPoint\",\"urlTemplate\":\"https:\\\/\\\/www.groennegade.dk\\\/?s={search_term_string}\"},\"query-input\":{\"@type\":\"PropertyValueSpecification\",\"valueRequired\":true,\"valueName\":\"search_term_string\"}}],\"inLanguage\":\"en-GB\"},{\"@type\":\"Organization\",\"@id\":\"https:\\\/\\\/www.groennegade.dk\\\/#organization\",\"name\":\"Restaurant Gr\u00f8nnegade\",\"url\":\"https:\\\/\\\/www.groennegade.dk\\\/\",\"logo\":{\"@type\":\"ImageObject\",\"inLanguage\":\"en-GB\",\"@id\":\"https:\\\/\\\/www.groennegade.dk\\\/#\\\/schema\\\/logo\\\/image\\\/\",\"url\":\"https:\\\/\\\/groennegade.dk\\\/wp-content\\\/uploads\\\/2021\\\/06\\\/logo_restaurant_groennegade.png\",\"contentUrl\":\"https:\\\/\\\/groennegade.dk\\\/wp-content\\\/uploads\\\/2021\\\/06\\\/logo_restaurant_groennegade.png\",\"width\":283,\"height\":48,\"caption\":\"Restaurant Gr\u00f8nnegade\"},\"image\":{\"@id\":\"https:\\\/\\\/www.groennegade.dk\\\/#\\\/schema\\\/logo\\\/image\\\/\"}}]}<\/script>\n<!-- \/ Yoast SEO plugin. -->","yoast_head_json":{"title":"Gavekort - Restaurant Gr\u00f8nnegade","robots":{"index":"index","follow":"follow","max-snippet":"max-snippet:-1","max-image-preview":"max-image-preview:large","max-video-preview":"max-video-preview:-1"},"canonical":"https:\/\/www.groennegade.dk\/en\/gavekort\/","og_locale":"en_GB","og_type":"article","og_title":"Gavekort - Restaurant Gr\u00f8nnegade","og_description":"Gavekort K\u00f8b et gavekort til en herlig aften p\u00e5 Restaurant Gr\u00f8nnegade Det er nemt at k\u00f8be et gavekort til Restaurant Gr\u00f8nnegade &#8211; blot indtast bel\u00f8bet du \u00f8nsker gavekortet skal lyde p\u00e5.\u00a0 Gavekortet er forsynet med et stregkode, der sikrer mod misbrug. Kortet kan sendes til dig selv eller direkte til modtageren p\u00e5 e-mail.","og_url":"https:\/\/www.groennegade.dk\/en\/gavekort\/","og_site_name":"Restaurant Gr\u00f8nnegade","article_modified_time":"2026-04-17T13:55:46+00:00","twitter_card":"summary_large_image","twitter_misc":{"Estimated reading time":"1 minute"},"schema":{"@context":"https:\/\/schema.org","@graph":[{"@type":"WebPage","@id":"https:\/\/www.groennegade.dk\/gavekort\/","url":"https:\/\/www.groennegade.dk\/gavekort\/","name":"Gavekort - Restaurant Gr\u00f8nnegade","isPartOf":{"@id":"https:\/\/www.groennegade.dk\/#website"},"datePublished":"2021-05-27T12:40:30+00:00","dateModified":"2026-04-17T13:55:46+00:00","breadcrumb":{"@id":"https:\/\/www.groennegade.dk\/gavekort\/#breadcrumb"},"inLanguage":"en-GB","potentialAction":[{"@type":"ReadAction","target":["https:\/\/www.groennegade.dk\/gavekort\/"]}]},{"@type":"BreadcrumbList","@id":"https:\/\/www.groennegade.dk\/gavekort\/#breadcrumb","itemListElement":[{"@type":"ListItem","position":1,"name":"Hjem","item":"https:\/\/www.groennegade.dk\/"},{"@type":"ListItem","position":2,"name":"Gavekort"}]},{"@type":"WebSite","@id":"https:\/\/www.groennegade.dk\/#website","url":"https:\/\/www.groennegade.dk\/","name":"Restaurant Gr\u00f8nnegade","description":"Welcome to Restaurant Gr\u00f8nnegade","publisher":{"@id":"https:\/\/www.groennegade.dk\/#organization"},"potentialAction":[{"@type":"SearchAction","target":{"@type":"EntryPoint","urlTemplate":"https:\/\/www.groennegade.dk\/?s={search_term_string}"},"query-input":{"@type":"PropertyValueSpecification","valueRequired":true,"valueName":"search_term_string"}}],"inLanguage":"en-GB"},{"@type":"Organization","@id":"https:\/\/www.groennegade.dk\/#organization","name":"Restaurant Gr\u00f8nnegade","url":"https:\/\/www.groennegade.dk\/","logo":{"@type":"ImageObject","inLanguage":"en-GB","@id":"https:\/\/www.groennegade.dk\/#\/schema\/logo\/image\/","url":"https:\/\/groennegade.dk\/wp-content\/uploads\/2021\/06\/logo_restaurant_groennegade.png","contentUrl":"https:\/\/groennegade.dk\/wp-content\/uploads\/2021\/06\/logo_restaurant_groennegade.png","width":283,"height":48,"caption":"Restaurant Gr\u00f8nnegade"},"image":{"@id":"https:\/\/www.groennegade.dk\/#\/schema\/logo\/image\/"}}]}},"_links":{"self":[{"href":"https:\/\/www.groennegade.dk\/en\/wp-json\/wp\/v2\/pages\/2223","targetHints":{"allow":["GET"]}}],"collection":[{"href":"https:\/\/www.groennegade.dk\/en\/wp-json\/wp\/v2\/pages"}],"about":[{"href":"https:\/\/www.groennegade.dk\/en\/wp-json\/wp\/v2\/types\/page"}],"author":[{"embeddable":true,"href":"https:\/\/www.groennegade.dk\/en\/wp-json\/wp\/v2\/users\/1"}],"replies":[{"embeddable":true,"href":"https:\/\/www.groennegade.dk\/en\/wp-json\/wp\/v2\/comments?post=2223"}],"version-history":[{"count":21,"href":"https:\/\/www.groennegade.dk\/en\/wp-json\/wp\/v2\/pages\/2223\/revisions"}],"predecessor-version":[{"id":6726,"href":"https:\/\/www.groennegade.dk\/en\/wp-json\/wp\/v2\/pages\/2223\/revisions\/6726"}],"wp:attachment":[{"href":"https:\/\/www.groennegade.dk\/en\/wp-json\/wp\/v2\/media?parent=2223"}],"curies":[{"name":"wp","href":"https:\/\/api.w.org\/{rel}","templated":true}]}}